{"id":165,"date":"2019-12-19T03:48:43","date_gmt":"2019-12-19T01:48:43","guid":{"rendered":"http:\/\/source.wpopal.com\/kindero\/?page_id=165"},"modified":"2024-12-17T22:39:58","modified_gmt":"2024-12-17T21:39:58","slug":"ajanlasok","status":"publish","type":"page","link":"https:\/\/kidlife.hu\/english\/ajanlasok\/","title":{"rendered":"Recommendations"},"content":{"rendered":"<div data-elementor-type=\"wp-page\" data-elementor-id=\"165\" class=\"elementor elementor-165\" data-elementor-post-type=\"page\">\n\t\t\t\t\t\t<section class=\"elementor-section elementor-top-section elementor-element elementor-element-eb11072 elementor-section-stretched elementor-section-boxed elementor-section-height-default elementor-section-height-default\" data-id=\"eb11072\" data-element_type=\"section\" data-e-type=\"section\" data-settings=\"{&quot;stretch_section&quot;:&quot;section-stretched&quot;,&quot;background_background&quot;:&quot;classic&quot;}\">\n\t\t\t\t\t\t<div class=\"elementor-container elementor-column-gap-no\">\n\t\t\t\t\t<div class=\"elementor-column elementor-col-100 elementor-top-column elementor-element elementor-element-746d35c\" data-id=\"746d35c\" data-element_type=\"column\" data-e-type=\"column\" data-settings=\"{&quot;background_background&quot;:&quot;classic&quot;}\">\n\t\t\t<div class=\"elementor-widget-wrap elementor-element-populated\">\n\t\t\t\t\t\t<section class=\"elementor-section elementor-inner-section elementor-element elementor-element-6c0d832 elementor-section-boxed elementor-section-height-default elementor-section-height-default\" data-id=\"6c0d832\" data-element_type=\"section\" data-e-type=\"section\" data-settings=\"{&quot;background_background&quot;:&quot;classic&quot;}\">\n\t\t\t\t\t\t<div class=\"elementor-container elementor-column-gap-default\">\n\t\t\t\t\t<div class=\"elementor-column elementor-col-100 elementor-inner-column elementor-element elementor-element-cf1282e\" data-id=\"cf1282e\" data-element_type=\"column\" data-e-type=\"column\" data-settings=\"{&quot;background_background&quot;:&quot;classic&quot;}\">\n\t\t\t<div class=\"elementor-widget-wrap elementor-element-populated\">\n\t\t\t\t\t\t<div class=\"elementor-element elementor-element-ff6a2a2 elementor-widget elementor-widget-heading\" data-id=\"ff6a2a2\" data-element_type=\"widget\" data-e-type=\"widget\" data-widget_type=\"heading.default\">\n\t\t\t\t<div class=\"elementor-widget-container\">\n\t\t\t\t\t<div class=\"elementor-heading-wrapper\" ><div class=\"elementor-heading-wrapper-inner\"><h2 class=\"elementor-heading-title elementor-size-default\">Szolg\u00e1ltat\u00f3k, akiket j\u00f3 sz\u00edvvel aj\u00e1nlunk!<\/h2><\/div><\/div>\t\t\t\t<\/div>\n\t\t\t\t<\/div>\n\t\t\t\t<div class=\"elementor-element elementor-element-d9bfb0d elementor-icon-box-animation-yes elementor-shape-circle elementor-position-top icon-box-default elementor-vertical-align-top elementor-widget elementor-widget-icon-box\" data-id=\"d9bfb0d\" data-element_type=\"widget\" data-e-type=\"widget\" data-widget_type=\"icon-box.default\">\n\t\t\t\t<div class=\"elementor-widget-container\">\n\t\t\t\t\t    <div class=\"elementor-icon-box-wrapper elementor-button- elementor-view-stacked\" data-no-translation-class=\"\">\n                    <div class=\"elementor-icon-box-icon\">\n            <span class=\"elementor-icon elementor-animation-\" >\n                            <i class=\"opal-icon- opal-icon-play_area opal-custom\" aria-hidden=\"true\"><\/i>\n                        <\/span>\n            <\/div>\n                <div class=\"elementor-icon-box-content\">\n        <h3 class=\"elementor-icon-box-title\">\n        <span         >V\u00c1C - Kiskakas fejleszt\u0151h\u00e1z<\/span>\n        <\/h3>\n\n        <p class=\"elementor-icon-box-description\">Lorem ipsum dolor sit amet, consectetur adipiscing elit, sed do eiusmod tempor incididunt ut labore et dolore magna aliqua.<br><br>https:\/\/example.com<\/p>\n\n        \n        <\/div>\n                <\/div>\n        \t\t\t\t<\/div>\n\t\t\t\t<\/div>\n\t\t\t\t<div class=\"elementor-element elementor-element-29b3474 elementor-widget-divider--view-line elementor-widget elementor-widget-divider\" data-id=\"29b3474\" data-element_type=\"widget\" data-e-type=\"widget\" data-widget_type=\"divider.default\">\n\t\t\t\t<div class=\"elementor-widget-container\">\n\t\t\t\t\t\t\t<div class=\"elementor-divider\">\n\t\t\t<span class=\"elementor-divider-separator\">\n\t\t\t\t\t\t<\/span>\n\t\t<\/div>\n\t\t\t\t\t\t<\/div>\n\t\t\t\t<\/div>\n\t\t\t\t<div class=\"elementor-element elementor-element-9697f3b elementor-icon-box-animation-yes elementor-shape-circle elementor-position-top icon-box-default elementor-vertical-align-top elementor-widget elementor-widget-icon-box\" data-id=\"9697f3b\" data-element_type=\"widget\" data-e-type=\"widget\" data-widget_type=\"icon-box.default\">\n\t\t\t\t<div class=\"elementor-widget-container\">\n\t\t\t\t\t    <div class=\"elementor-icon-box-wrapper elementor-button- elementor-view-stacked\" data-no-translation-class=\"\">\n                    <div class=\"elementor-icon-box-icon\">\n            <span class=\"elementor-icon elementor-animation-\" >\n                            <i class=\"opal-icon- opal-icon-abc_1 opal-custom\" aria-hidden=\"true\"><\/i>\n                        <\/span>\n            <\/div>\n                <div class=\"elementor-icon-box-content\">\n        <h3 class=\"elementor-icon-box-title\">\n        <span         >BUDAPEST XI - Lelki kik\u00f6t\u0151<\/span>\n        <\/h3>\n\n        <p class=\"elementor-icon-box-description\">Lorem ipsum dolor sit amet, consectetur adipiscing elit, sed do eiusmod tempor incididunt ut labore et dolore magna aliqua.<br><br>https:\/\/example.com<\/p>\n\n        \n        <\/div>\n                <\/div>\n        \t\t\t\t<\/div>\n\t\t\t\t<\/div>\n\t\t\t\t<div class=\"elementor-element elementor-element-21ea24e elementor-widget-divider--view-line elementor-widget elementor-widget-divider\" data-id=\"21ea24e\" data-element_type=\"widget\" data-e-type=\"widget\" data-widget_type=\"divider.default\">\n\t\t\t\t<div class=\"elementor-widget-container\">\n\t\t\t\t\t\t\t<div class=\"elementor-divider\">\n\t\t\t<span class=\"elementor-divider-separator\">\n\t\t\t\t\t\t<\/span>\n\t\t<\/div>\n\t\t\t\t\t\t<\/div>\n\t\t\t\t<\/div>\n\t\t\t\t<div class=\"elementor-element elementor-element-1c0afd5 elementor-icon-box-animation-yes elementor-shape-circle elementor-position-top icon-box-default elementor-vertical-align-top elementor-widget elementor-widget-icon-box\" data-id=\"1c0afd5\" data-element_type=\"widget\" data-e-type=\"widget\" data-widget_type=\"icon-box.default\">\n\t\t\t\t<div class=\"elementor-widget-container\">\n\t\t\t\t\t    <div class=\"elementor-icon-box-wrapper elementor-button- elementor-view-stacked\" data-no-translation-class=\"\">\n                    <div class=\"elementor-icon-box-icon\">\n            <span class=\"elementor-icon elementor-animation-\" >\n                            <i class=\"opal-icon- opal-icon-music opal-custom\" aria-hidden=\"true\"><\/i>\n                        <\/span>\n            <\/div>\n                <div class=\"elementor-icon-box-content\">\n        <h3 class=\"elementor-icon-box-title\">\n        <span         >BUDAPEST XX - Gombafalva zenek\u00f6zpont<\/span>\n        <\/h3>\n\n        <p class=\"elementor-icon-box-description\">Lorem ipsum dolor sit amet, consectetur adipiscing elit, sed do eiusmod tempor incididunt ut labore et dolore magna aliqua.<br><br>https:\/\/example.com<\/p>\n\n        \n        <\/div>\n                <\/div>\n        \t\t\t\t<\/div>\n\t\t\t\t<\/div>\n\t\t\t\t<div class=\"elementor-element elementor-element-dd70c6c elementor-widget-divider--view-line elementor-widget elementor-widget-divider\" data-id=\"dd70c6c\" data-element_type=\"widget\" data-e-type=\"widget\" data-widget_type=\"divider.default\">\n\t\t\t\t<div class=\"elementor-widget-container\">\n\t\t\t\t\t\t\t<div class=\"elementor-divider\">\n\t\t\t<span class=\"elementor-divider-separator\">\n\t\t\t\t\t\t<\/span>\n\t\t<\/div>\n\t\t\t\t\t\t<\/div>\n\t\t\t\t<\/div>\n\t\t\t\t<div class=\"elementor-element elementor-element-122c9d2 elementor-icon-box-animation-yes elementor-shape-circle elementor-position-top icon-box-default elementor-vertical-align-top elementor-widget elementor-widget-icon-box\" data-id=\"122c9d2\" data-element_type=\"widget\" data-e-type=\"widget\" data-widget_type=\"icon-box.default\">\n\t\t\t\t<div class=\"elementor-widget-container\">\n\t\t\t\t\t    <div class=\"elementor-icon-box-wrapper elementor-button- elementor-view-stacked\" data-no-translation-class=\"\">\n                    <div class=\"elementor-icon-box-icon\">\n            <a class=\"elementor-icon elementor-animation-\" href=\"https:\/\/example.com\">\n                            <i class=\"opal-icon- opal-icon-art opal-custom\" aria-hidden=\"true\"><\/i>\n                        <\/a>\n            <\/div>\n                <div class=\"elementor-icon-box-content\">\n        <h3 class=\"elementor-icon-box-title\">\n        <a href=\"https:\/\/example.com\"        >BUDAPEST IV - Kism\u0171v\u00e9sz<\/a>\n        <\/h3>\n\n        <p class=\"elementor-icon-box-description\">Lorem ipsum dolor sit amet, consectetur adipiscing elit, sed do eiusmod tempor incididunt ut labore et dolore magna aliqua.<br><br>https:\/\/example.com<\/p>\n\n        \n        <\/div>\n                <\/div>\n        \t\t\t\t<\/div>\n\t\t\t\t<\/div>\n\t\t\t\t\t<\/div>\n\t\t<\/div>\n\t\t\t\t\t<\/div>\n\t\t<\/section>\n\t\t\t\t\t<\/div>\n\t\t<\/div>\n\t\t\t\t\t<\/div>\n\t\t<\/section>\n\t\t\t\t<\/div>","protected":false},"excerpt":{"rendered":"<p>Szolg\u00e1ltat\u00f3k, akiket j\u00f3 sz\u00edvvel aj\u00e1nlunk! V\u00c1C &#8211; Kiskakas fejleszt\u0151h\u00e1z Lorem ipsum dolor sit amet, consectetur adipiscing elit, sed do eiusmod tempor incididunt ut labore et dolore magna aliqua. https:\/\/example.com BUDAPEST XI &#8211; Lelki kik\u00f6t\u0151 Lorem ipsum dolor sit amet, consectetur adipiscing elit, sed do eiusmod tempor incididunt ut labore et dolore magna aliqua. https:\/\/example.com BUDAPEST &hellip; <\/p>\n<p class=\"link-more\"><a href=\"https:\/\/kidlife.hu\/english\/ajanlasok\/\" class=\"more-link\">Read More <span class=\"screen-reader-text\"> &#8220;Aj\u00e1nl\u00e1sok&#8221;<\/span><span class=\"opal-icon opal-icon-arrow-alt-circle-right\"><\/span><\/a><\/p>","protected":false},"author":13,"featured_media":0,"parent":0,"menu_order":0,"comment_status":"closed","ping_status":"closed","template":"page-elementor.php","meta":{"footnotes":""},"class_list":["post-165","page","type-page","status-publish","hentry"],"_elementor_template_sub_type":null,"_elementor_conditions":null,"_yoast_wpseo_primary_category":null,"_oembed_d944eacaa867b166ee36e1263fcdc055":null,"yoast_head":"<!-- This site is optimized with the Yoast SEO plugin v27.5 - https:\/\/yoast.com\/product\/yoast-seo-wordpress\/ -->\n<title>Aj\u00e1nl\u00e1sok - KidLife<\/title>\n<meta name=\"robots\" content=\"index, follow, max-snippet:-1, max-image-preview:large, max-video-preview:-1\" \/>\n<link rel=\"canonical\" href=\"https:\/\/kidlife.hu\/english\/ajanlasok\/\" \/>\n<meta property=\"og:locale\" content=\"en_GB\" \/>\n<meta property=\"og:type\" content=\"article\" \/>\n<meta property=\"og:title\" content=\"Aj\u00e1nl\u00e1sok - KidLife\" \/>\n<meta property=\"og:description\" content=\"Szolg\u00e1ltat\u00f3k, akiket j\u00f3 sz\u00edvvel aj\u00e1nlunk! V\u00c1C &#8211; Kiskakas fejleszt\u0151h\u00e1z Lorem ipsum dolor sit amet, consectetur adipiscing elit, sed do eiusmod tempor incididunt ut labore et dolore magna aliqua. https:\/\/example.com BUDAPEST XI &#8211; Lelki kik\u00f6t\u0151 Lorem ipsum dolor sit amet, consectetur adipiscing elit, sed do eiusmod tempor incididunt ut labore et dolore magna aliqua. https:\/\/example.com BUDAPEST &hellip; Read More &quot;Aj\u00e1nl\u00e1sok&quot;\" \/>\n<meta property=\"og:url\" content=\"https:\/\/kidlife.hu\/english\/ajanlasok\/\" \/>\n<meta property=\"og:site_name\" content=\"KidLife\" \/>\n<meta property=\"article:publisher\" content=\"https:\/\/www.facebook.com\/kidlifestudio\" \/>\n<meta property=\"article:modified_time\" content=\"2024-12-17T21:39:58+00:00\" \/>\n<meta property=\"og:image\" content=\"https:\/\/kidlife.hu\/wp-content\/uploads\/kidlife-fb-profile-02-1.jpg\" \/>\n\t<meta property=\"og:image:width\" content=\"1024\" \/>\n\t<meta property=\"og:image:height\" content=\"1024\" \/>\n\t<meta property=\"og:image:type\" content=\"image\/jpeg\" \/>\n<meta name=\"twitter:card\" content=\"summary_large_image\" \/>\n<meta name=\"twitter:label1\" content=\"Estimated reading time\" \/>\n\t<meta name=\"twitter:data1\" content=\"1 minute\" \/>\n<script type=\"application\/ld+json\" class=\"yoast-schema-graph\">{\"@context\":\"https:\\\/\\\/schema.org\",\"@graph\":[{\"@type\":\"WebPage\",\"@id\":\"https:\\\/\\\/kidlife.hu\\\/ajanlasok\\\/\",\"url\":\"https:\\\/\\\/kidlife.hu\\\/ajanlasok\\\/\",\"name\":\"Aj\u00e1nl\u00e1sok - KidLife\",\"isPartOf\":{\"@id\":\"https:\\\/\\\/kidlife.hu\\\/#website\"},\"datePublished\":\"2019-12-19T01:48:43+00:00\",\"dateModified\":\"2024-12-17T21:39:58+00:00\",\"breadcrumb\":{\"@id\":\"https:\\\/\\\/kidlife.hu\\\/ajanlasok\\\/#breadcrumb\"},\"inLanguage\":\"en-GB\",\"potentialAction\":[{\"@type\":\"ReadAction\",\"target\":[\"https:\\\/\\\/kidlife.hu\\\/ajanlasok\\\/\"]}]},{\"@type\":\"BreadcrumbList\",\"@id\":\"https:\\\/\\\/kidlife.hu\\\/ajanlasok\\\/#breadcrumb\",\"itemListElement\":[{\"@type\":\"ListItem\",\"position\":1,\"name\":\"Kezd\u0151lap\",\"item\":\"https:\\\/\\\/kidlife.hu\\\/\"},{\"@type\":\"ListItem\",\"position\":2,\"name\":\"Aj\u00e1nl\u00e1sok\"}]},{\"@type\":\"WebSite\",\"@id\":\"https:\\\/\\\/kidlife.hu\\\/#website\",\"url\":\"https:\\\/\\\/kidlife.hu\\\/\",\"name\":\"KidLife\",\"description\":\"Gyermekpszichol\u00f3gia \u00e9s fejleszt\u00e9s\",\"publisher\":{\"@id\":\"https:\\\/\\\/kidlife.hu\\\/#organization\"},\"potentialAction\":[{\"@type\":\"SearchAction\",\"target\":{\"@type\":\"EntryPoint\",\"urlTemplate\":\"https:\\\/\\\/kidlife.hu\\\/?s={search_term_string}\"},\"query-input\":{\"@type\":\"PropertyValueSpecification\",\"valueRequired\":true,\"valueName\":\"search_term_string\"}}],\"inLanguage\":\"en-GB\"},{\"@type\":\"Organization\",\"@id\":\"https:\\\/\\\/kidlife.hu\\\/#organization\",\"name\":\"KidLife\",\"url\":\"https:\\\/\\\/kidlife.hu\\\/\",\"logo\":{\"@type\":\"ImageObject\",\"inLanguage\":\"en-GB\",\"@id\":\"https:\\\/\\\/kidlife.hu\\\/#\\\/schema\\\/logo\\\/image\\\/\",\"url\":\"https:\\\/\\\/kidlife.hu\\\/wp-content\\\/uploads\\\/kidlife-fb-profile-02.png\",\"contentUrl\":\"https:\\\/\\\/kidlife.hu\\\/wp-content\\\/uploads\\\/kidlife-fb-profile-02.png\",\"width\":1024,\"height\":1024,\"caption\":\"KidLife\"},\"image\":{\"@id\":\"https:\\\/\\\/kidlife.hu\\\/#\\\/schema\\\/logo\\\/image\\\/\"},\"sameAs\":[\"https:\\\/\\\/www.facebook.com\\\/kidlifestudio\"]}]}<\/script>\n<!-- \/ Yoast SEO plugin. -->","yoast_head_json":{"title":"Aj\u00e1nl\u00e1sok - KidLife","robots":{"index":"index","follow":"follow","max-snippet":"max-snippet:-1","max-image-preview":"max-image-preview:large","max-video-preview":"max-video-preview:-1"},"canonical":"https:\/\/kidlife.hu\/english\/ajanlasok\/","og_locale":"en_GB","og_type":"article","og_title":"Aj\u00e1nl\u00e1sok - KidLife","og_description":"Szolg\u00e1ltat\u00f3k, akiket j\u00f3 sz\u00edvvel aj\u00e1nlunk! V\u00c1C &#8211; Kiskakas fejleszt\u0151h\u00e1z Lorem ipsum dolor sit amet, consectetur adipiscing elit, sed do eiusmod tempor incididunt ut labore et dolore magna aliqua. https:\/\/example.com BUDAPEST XI &#8211; Lelki kik\u00f6t\u0151 Lorem ipsum dolor sit amet, consectetur adipiscing elit, sed do eiusmod tempor incididunt ut labore et dolore magna aliqua. https:\/\/example.com BUDAPEST &hellip; Read More \"Aj\u00e1nl\u00e1sok\"","og_url":"https:\/\/kidlife.hu\/english\/ajanlasok\/","og_site_name":"KidLife","article_publisher":"https:\/\/www.facebook.com\/kidlifestudio","article_modified_time":"2024-12-17T21:39:58+00:00","og_image":[{"width":1024,"height":1024,"url":"https:\/\/kidlife.hu\/wp-content\/uploads\/kidlife-fb-profile-02-1.jpg","type":"image\/jpeg"}],"twitter_card":"summary_large_image","twitter_misc":{"Estimated reading time":"1 minute"},"schema":{"@context":"https:\/\/schema.org","@graph":[{"@type":"WebPage","@id":"https:\/\/kidlife.hu\/ajanlasok\/","url":"https:\/\/kidlife.hu\/ajanlasok\/","name":"Aj\u00e1nl\u00e1sok - KidLife","isPartOf":{"@id":"https:\/\/kidlife.hu\/#website"},"datePublished":"2019-12-19T01:48:43+00:00","dateModified":"2024-12-17T21:39:58+00:00","breadcrumb":{"@id":"https:\/\/kidlife.hu\/ajanlasok\/#breadcrumb"},"inLanguage":"en-GB","potentialAction":[{"@type":"ReadAction","target":["https:\/\/kidlife.hu\/ajanlasok\/"]}]},{"@type":"BreadcrumbList","@id":"https:\/\/kidlife.hu\/ajanlasok\/#breadcrumb","itemListElement":[{"@type":"ListItem","position":1,"name":"Kezd\u0151lap","item":"https:\/\/kidlife.hu\/"},{"@type":"ListItem","position":2,"name":"Aj\u00e1nl\u00e1sok"}]},{"@type":"WebSite","@id":"https:\/\/kidlife.hu\/#website","url":"https:\/\/kidlife.hu\/","name":"KidLife","description":"Gyermekpszichol\u00f3gia \u00e9s fejleszt\u00e9s","publisher":{"@id":"https:\/\/kidlife.hu\/#organization"},"potentialAction":[{"@type":"SearchAction","target":{"@type":"EntryPoint","urlTemplate":"https:\/\/kidlife.hu\/?s={search_term_string}"},"query-input":{"@type":"PropertyValueSpecification","valueRequired":true,"valueName":"search_term_string"}}],"inLanguage":"en-GB"},{"@type":"Organization","@id":"https:\/\/kidlife.hu\/#organization","name":"KidLife","url":"https:\/\/kidlife.hu\/","logo":{"@type":"ImageObject","inLanguage":"en-GB","@id":"https:\/\/kidlife.hu\/#\/schema\/logo\/image\/","url":"https:\/\/kidlife.hu\/wp-content\/uploads\/kidlife-fb-profile-02.png","contentUrl":"https:\/\/kidlife.hu\/wp-content\/uploads\/kidlife-fb-profile-02.png","width":1024,"height":1024,"caption":"KidLife"},"image":{"@id":"https:\/\/kidlife.hu\/#\/schema\/logo\/image\/"},"sameAs":["https:\/\/www.facebook.com\/kidlifestudio"]}]}},"_links":{"self":[{"href":"https:\/\/kidlife.hu\/english\/wp-json\/wp\/v2\/pages\/165","targetHints":{"allow":["GET"]}}],"collection":[{"href":"https:\/\/kidlife.hu\/english\/wp-json\/wp\/v2\/pages"}],"about":[{"href":"https:\/\/kidlife.hu\/english\/wp-json\/wp\/v2\/types\/page"}],"author":[{"embeddable":true,"href":"https:\/\/kidlife.hu\/english\/wp-json\/wp\/v2\/users\/13"}],"replies":[{"embeddable":true,"href":"https:\/\/kidlife.hu\/english\/wp-json\/wp\/v2\/comments?post=165"}],"version-history":[{"count":0,"href":"https:\/\/kidlife.hu\/english\/wp-json\/wp\/v2\/pages\/165\/revisions"}],"wp:attachment":[{"href":"https:\/\/kidlife.hu\/english\/wp-json\/wp\/v2\/media?parent=165"}],"curies":[{"name":"wp","href":"https:\/\/api.w.org\/{rel}","templated":true}]}}