{"id":17961,"date":"2024-05-03T13:23:24","date_gmt":"2024-05-03T11:23:24","guid":{"rendered":"https:\/\/kidlife.hu\/?page_id=17961"},"modified":"2025-05-19T15:43:14","modified_gmt":"2025-05-19T13:43:14","slug":"lemondas-24","status":"publish","type":"page","link":"https:\/\/kidlife.hu\/english\/lemondas-24\/","title":{"rendered":"Lemond\u00e1s 24"},"content":{"rendered":"<div data-elementor-type=\"wp-page\" data-elementor-id=\"17961\" class=\"elementor elementor-17961\" data-elementor-post-type=\"page\">\n\t\t\t\t\t\t<section class=\"elementor-section elementor-top-section elementor-element elementor-element-3cd4f511 elementor-section-stretched elementor-section-boxed elementor-section-height-default elementor-section-height-default\" data-id=\"3cd4f511\" data-element_type=\"section\" data-e-type=\"section\" data-settings=\"{&quot;stretch_section&quot;:&quot;section-stretched&quot;,&quot;background_background&quot;:&quot;classic&quot;}\">\n\t\t\t\t\t\t<div class=\"elementor-container elementor-column-gap-no\">\n\t\t\t\t\t<div class=\"elementor-column elementor-col-100 elementor-top-column elementor-element elementor-element-3b826351\" data-id=\"3b826351\" data-element_type=\"column\" data-e-type=\"column\" data-settings=\"{&quot;background_background&quot;:&quot;classic&quot;}\">\n\t\t\t<div class=\"elementor-widget-wrap elementor-element-populated\">\n\t\t\t\t\t\t<section class=\"elementor-section elementor-inner-section elementor-element elementor-element-7611066b elementor-section-boxed elementor-section-height-default elementor-section-height-default\" data-id=\"7611066b\" data-element_type=\"section\" data-e-type=\"section\" data-settings=\"{&quot;background_background&quot;:&quot;classic&quot;}\">\n\t\t\t\t\t\t<div class=\"elementor-container elementor-column-gap-default\">\n\t\t\t\t\t<div class=\"elementor-column elementor-col-100 elementor-inner-column elementor-element elementor-element-46dd61fb\" data-id=\"46dd61fb\" data-element_type=\"column\" data-e-type=\"column\" data-settings=\"{&quot;background_background&quot;:&quot;classic&quot;}\">\n\t\t\t<div class=\"elementor-widget-wrap elementor-element-populated\">\n\t\t\t\t\t\t<div class=\"elementor-element elementor-element-6c66663 elementor-widget elementor-widget-heading\" data-id=\"6c66663\" data-element_type=\"widget\" data-e-type=\"widget\" data-widget_type=\"heading.default\">\n\t\t\t\t<div class=\"elementor-widget-container\">\n\t\t\t\t\t<div class=\"elementor-heading-wrapper\" ><div class=\"elementor-heading-wrapper-inner\"><h3 class=\"elementor-heading-title elementor-size-default\">Sajn\u00e1ljuk, hogy nem tudunk most tal\u00e1lkozni <span style=\"font-size: 2.5rem;\">\ud83d\ude41 <\/span><span style=\"font-size: 2.5rem;\">a lemond\u00e1si hat\u00e1rid\u0151 azonban m\u00e1r lej\u00e1rt <\/span><span style=\"font-size: 2.5rem;\"><\/span><br><\/h3><\/div><\/div>\t\t\t\t<\/div>\n\t\t\t\t<\/div>\n\t\t\t\t<div class=\"elementor-element elementor-element-6951aa9 elementor-widget elementor-widget-text-editor\" data-id=\"6951aa9\" data-element_type=\"widget\" data-e-type=\"widget\" data-widget_type=\"text-editor.default\">\n\t\t\t\t<div class=\"elementor-widget-container\">\n\t\t\t\t\t\t\t\t\t<p><b>A foglal\u00e1s lemond\u00e1s\u00e1ra vonatkoz\u00f3 <span style=\"text-decoration: underline;\"><a href=\"https:\/\/kidlife.hu\/english\/altalanos-szerzodesi-feltetelek\/\">szab\u00e1lyaink<\/a><\/span> szerint az id\u0151pontt\u00f3l sz\u00e1m\u00edtott <span style=\"color: #ff6600;\">24 \u00f3r\u00e1n bel\u00fcli lemond\u00e1sok eset\u00e9n m\u00e1r nem \u00e1ll m\u00f3dunkban a lemond\u00e1st elfogadni<\/span>, \u00e9s a teljes konzult\u00e1ci\u00f3s d\u00edjat sz\u00e1m\u00edtjuk fel.<\/b><\/p><p>\u26a0\ufe0f Bizonyos esetekben lehet\u0151s\u00e9g van a tal\u00e1lkoz\u00f3t online megtartani: ha ez megold\u00e1s lehet, k\u00e9rem halad\u00e9ktalanul vegye fel vel\u00fcnk a kapcsolatot, megtesz\u00fcnk mindent, hogy megments\u00fck az id\u0151pontot! \u26a0\ufe0f<\/p><p>Ez a szab\u00e1ly lehet\u0151v\u00e9 teszi sz\u00e1munkra, hogy biztos\u00edtsuk a megfelel\u0151 el\u0151k\u00e9sz\u00fcleteket \u00e9s az id\u0151beoszt\u00e1s hat\u00e9kony kezel\u00e9s\u00e9t, amely mind az \u00d6n, mind m\u00e1s klienseink szolg\u00e1lat\u00e1ban \u00e1ll. Meg\u00e9rt\u00e9s\u00e9t k\u00f6sz\u00f6nj\u00fck \u00e9s rem\u00e9lj\u00fck, hogy m\u00e1s alkalommal ism\u00e9t sz\u00e1m\u00edthatunk a bizalm\u00e1ra.<\/p><p>Amennyiben b\u00e1rmilyen k\u00e9rd\u00e9se van, vagy szeretne egy m\u00e1sik id\u0151pontot egyeztetni, k\u00e9rj\u00fck, ne habozzon kapcsolatba l\u00e9pni vel\u00fcnk a lenti el\u00e9rhet\u0151s\u00e9gek b\u00e1rmelyik\u00e9n.<\/p><p>K\u00f6sz\u00f6nj\u00fck meg\u00e9rt\u00e9s\u00e9t \u00e9s t\u00fcrelm\u00e9t.<\/p>\t\t\t\t\t\t\t\t<\/div>\n\t\t\t\t<\/div>\n\t\t\t\t<div class=\"elementor-element elementor-element-559f670a elementor-widget elementor-widget-heading\" data-id=\"559f670a\" data-element_type=\"widget\" data-e-type=\"widget\" data-widget_type=\"heading.default\">\n\t\t\t\t<div class=\"elementor-widget-container\">\n\t\t\t\t\t<div class=\"elementor-heading-wrapper\" ><div class=\"elementor-heading-wrapper-inner\"><h5 class=\"elementor-heading-title elementor-size-default\">\u00daj id\u0151pontot itt foglalhat:<\/h5><\/div><\/div>\t\t\t\t<\/div>\n\t\t\t\t<\/div>\n\t\t\t\t<div class=\"elementor-element elementor-element-3cc6ea2 elementor-widget elementor-widget-button\" data-id=\"3cc6ea2\" data-element_type=\"widget\" data-e-type=\"widget\" data-widget_type=\"button.default\">\n\t\t\t\t<div class=\"elementor-widget-container\">\n\t\t\t\t\t        <div class=\"elementor-button-wrapper elementor-button-primary\" data-no-translation-class=\"\">\n            <a href=\"https:\/\/kidlife.hu\/english\/idopontfoglalas\/\" class=\"elementor-button-link elementor-button elementor-size-lg\" role=\"button\">\n                \t\t<span class=\"elementor-button-content-wrapper\">\n\t\t\t\t\t\t\t\t\t<span class=\"elementor-button-text\">Book an appointment<\/span>\n\t\t\t\t\t<\/span>\n\t\t            <\/a>\n        <\/div>\n        \t\t\t\t<\/div>\n\t\t\t\t<\/div>\n\t\t\t\t<div class=\"elementor-element elementor-element-17b5113 elementor-widget elementor-widget-spacer\" data-id=\"17b5113\" data-element_type=\"widget\" data-e-type=\"widget\" data-widget_type=\"spacer.default\">\n\t\t\t\t<div class=\"elementor-widget-container\">\n\t\t\t\t\t        <div class=\"elementor-spacer\">\n            <div class=\"elementor-spacer-inner\"><\/div>\n        <\/div>\n        \t\t\t\t<\/div>\n\t\t\t\t<\/div>\n\t\t\t\t<div class=\"elementor-element elementor-element-8140197 elementor-widget elementor-widget-heading\" data-id=\"8140197\" data-element_type=\"widget\" data-e-type=\"widget\" data-widget_type=\"heading.default\">\n\t\t\t\t<div class=\"elementor-widget-container\">\n\t\t\t\t\t<div class=\"elementor-heading-wrapper\" ><div class=\"elementor-heading-wrapper-inner\"><h2 class=\"elementor-heading-title elementor-size-default\">K\u00e9rdezzen vagy k\u00e9rjen seg\u00edts\u00e9get t\u0151l\u00fcnk itt:<\/h2><\/div><\/div>\t\t\t\t<\/div>\n\t\t\t\t<\/div>\n\t\t\t\t<div class=\"elementor-element elementor-element-a866a29 elementor-wpcf7-button-primary elementor-wpcf7-button-md elementor-widget elementor-widget-opal-contactform7\" data-id=\"a866a29\" data-element_type=\"widget\" data-e-type=\"widget\" data-widget_type=\"opal-contactform7.default\">\n\t\t\t\t<div class=\"elementor-widget-container\">\n\t\t\t\t\t\n<div class=\"wpcf7 no-js\" id=\"wpcf7-f1887-o1\" lang=\"en-US\" dir=\"ltr\" data-wpcf7-id=\"1887\">\n<div class=\"screen-reader-response\"><p role=\"status\" aria-live=\"polite\" aria-atomic=\"true\"><\/p> <ul><\/ul><\/div>\n<form action=\"\/english\/wp-json\/wp\/v2\/pages\/17961#wpcf7-f1887-o1\" method=\"post\" class=\"wpcf7-form init\" aria-label=\"Contact form\" novalidate=\"novalidate\" data-status=\"init\" data-trp-original-action=\"\/english\/wp-json\/wp\/v2\/pages\/17961#wpcf7-f1887-o1\">\n<fieldset class=\"hidden-fields-container\"><input type=\"hidden\" name=\"_wpcf7\" value=\"1887\" \/><input type=\"hidden\" name=\"_wpcf7_version\" value=\"6.1.5\" \/><input type=\"hidden\" name=\"_wpcf7_locale\" value=\"en_US\" \/><input type=\"hidden\" name=\"_wpcf7_unit_tag\" value=\"wpcf7-f1887-o1\" \/><input type=\"hidden\" name=\"_wpcf7_container_post\" value=\"0\" \/><input type=\"hidden\" name=\"_wpcf7_posted_data_hash\" value=\"\" \/>\n<\/fieldset>\n<div class=\"row\">\n\t<div class=\"col-sm-6\">\n\t\t<div class=\"mb-4\">\n\t\t\t<p><label>N\u00e9v *<\/label><span class=\"wpcf7-form-control-wrap\" data-name=\"your-name\"><input size=\"40\" maxlength=\"400\" class=\"wpcf7-form-control wpcf7-text wpcf7-validates-as-required\" id=\"form-name\" aria-required=\"true\" aria-invalid=\"false\" placeholder=\"Name\" value=\"\" type=\"text\" name=\"your-name\" \/><\/span>\n\t\t\t<\/p>\n\t\t<\/div>\n\t<\/div>\n\t<div class=\"col-sm-6\">\n\t\t<div class=\"mb-4\">\n\t\t\t<p><label>Email c\u00edm*<\/label><span class=\"wpcf7-form-control-wrap\" data-name=\"your-email\"><input size=\"40\" maxlength=\"400\" class=\"wpcf7-form-control wpcf7-email wpcf7-validates-as-required wpcf7-text wpcf7-validates-as-email\" id=\"form-email\" aria-required=\"true\" aria-invalid=\"false\" placeholder=\"Email\" value=\"\" type=\"email\" name=\"your-email\" \/><\/span>\n\t\t\t<\/p>\n\t\t<\/div>\n\t<\/div>\n\t<div class=\"col-sm-6\">\n\t\t<div class=\"mb-4\">\n\t\t\t<p><label>Telefonsz\u00e1m *<\/label><span class=\"wpcf7-form-control-wrap\" data-name=\"your-phone\"><input size=\"40\" maxlength=\"400\" class=\"wpcf7-form-control wpcf7-text wpcf7-validates-as-required\" id=\"form-phone\" aria-required=\"true\" aria-invalid=\"false\" placeholder=\"Phone number\" value=\"\" type=\"text\" name=\"your-phone\" \/><\/span>\n\t\t\t<\/p>\n\t\t<\/div>\n\t<\/div>\n\t<div class=\"col-md-12\">\n\t\t<div class=\"mb-4\">\n\t\t\t<p><label>\u00dczenet <\/label><span class=\"wpcf7-form-control-wrap\" data-name=\"your-message\"><textarea cols=\"40\" rows=\"3\" maxlength=\"2000\" class=\"wpcf7-form-control wpcf7-textarea form-control\" id=\"textarea\" aria-invalid=\"false\" placeholder=\"\u00dczenet\" name=\"your-message\"><\/textarea><\/span>\n\t\t\t<\/p>\n\t\t<\/div>\n\t<\/div>\n<\/div>\n<p><input class=\"wpcf7-form-control wpcf7-submit has-spinner btn btn-secondary btn-sm\" type=\"submit\" value=\"Send\" \/>\n<\/p><div class=\"wpcf7-response-output\" aria-hidden=\"true\"><\/div>\n<input type=\"hidden\" name=\"trp-form-language\" value=\"english\"\/><\/form>\n<\/div>\n\t\t\t\t<\/div>\n\t\t\t\t<\/div>\n\t\t\t\t\t<\/div>\n\t\t<\/div>\n\t\t\t\t\t<\/div>\n\t\t<\/section>\n\t\t\t\t\t<\/div>\n\t\t<\/div>\n\t\t\t\t\t<\/div>\n\t\t<\/section>\n\t\t\t\t<\/div>","protected":false},"excerpt":{"rendered":"<p>Sajn\u00e1ljuk, hogy nem tudunk most tal\u00e1lkozni \ud83d\ude41 a lemond\u00e1si hat\u00e1rid\u0151 azonban m\u00e1r lej\u00e1rt A foglal\u00e1s lemond\u00e1s\u00e1ra vonatkoz\u00f3 szab\u00e1lyaink szerint az id\u0151pontt\u00f3l sz\u00e1m\u00edtott 24 \u00f3r\u00e1n bel\u00fcli lemond\u00e1sok eset\u00e9n m\u00e1r nem \u00e1ll m\u00f3dunkban a lemond\u00e1st elfogadni, \u00e9s a teljes konzult\u00e1ci\u00f3s d\u00edjat sz\u00e1m\u00edtjuk fel. \u26a0\ufe0f Bizonyos esetekben lehet\u0151s\u00e9g van a tal\u00e1lkoz\u00f3t online megtartani: ha ez megold\u00e1s lehet, k\u00e9rem &hellip; <\/p>\n<p class=\"link-more\"><a href=\"https:\/\/kidlife.hu\/english\/lemondas-24\/\" class=\"more-link\">Read More <span class=\"screen-reader-text\"> &#8220;Lemond\u00e1s 24&#8221;<\/span><span class=\"opal-icon opal-icon-arrow-alt-circle-right\"><\/span><\/a><\/p>","protected":false},"author":27,"featured_media":0,"parent":0,"menu_order":0,"comment_status":"closed","ping_status":"closed","template":"","meta":{"footnotes":""},"class_list":["post-17961","page","type-page","status-publish","hentry"],"_elementor_template_sub_type":null,"_elementor_conditions":null,"_yoast_wpseo_primary_category":null,"_oembed_d944eacaa867b166ee36e1263fcdc055":null,"yoast_head":"<!-- This site is optimized with the Yoast SEO plugin v27.3 - https:\/\/yoast.com\/product\/yoast-seo-wordpress\/ -->\n<title>Lemond\u00e1s 24 - KidLife<\/title>\n<meta name=\"robots\" content=\"index, follow, max-snippet:-1, max-image-preview:large, max-video-preview:-1\" \/>\n<link rel=\"canonical\" href=\"https:\/\/kidlife.hu\/english\/lemondas-24\/\" \/>\n<meta property=\"og:locale\" content=\"en_GB\" \/>\n<meta property=\"og:type\" content=\"article\" \/>\n<meta property=\"og:title\" content=\"Lemond\u00e1s 24 - KidLife\" \/>\n<meta property=\"og:description\" content=\"Sajn\u00e1ljuk, hogy nem tudunk most tal\u00e1lkozni \ud83d\ude41 a lemond\u00e1si hat\u00e1rid\u0151 azonban m\u00e1r lej\u00e1rt A foglal\u00e1s lemond\u00e1s\u00e1ra vonatkoz\u00f3 szab\u00e1lyaink szerint az id\u0151pontt\u00f3l sz\u00e1m\u00edtott 24 \u00f3r\u00e1n bel\u00fcli lemond\u00e1sok eset\u00e9n m\u00e1r nem \u00e1ll m\u00f3dunkban a lemond\u00e1st elfogadni, \u00e9s a teljes konzult\u00e1ci\u00f3s d\u00edjat sz\u00e1m\u00edtjuk fel. \u26a0\ufe0f Bizonyos esetekben lehet\u0151s\u00e9g van a tal\u00e1lkoz\u00f3t online megtartani: ha ez megold\u00e1s lehet, k\u00e9rem &hellip; Read More &quot;Lemond\u00e1s 24&quot;\" \/>\n<meta property=\"og:url\" content=\"https:\/\/kidlife.hu\/english\/lemondas-24\/\" \/>\n<meta property=\"og:site_name\" content=\"KidLife\" \/>\n<meta property=\"article:publisher\" content=\"https:\/\/www.facebook.com\/kidlifestudio\" \/>\n<meta property=\"article:modified_time\" content=\"2025-05-19T13:43:14+00:00\" \/>\n<meta name=\"twitter:card\" content=\"summary_large_image\" \/>\n<meta name=\"twitter:label1\" content=\"Estimated reading time\" \/>\n\t<meta name=\"twitter:data1\" content=\"1 minute\" \/>\n<script type=\"application\/ld+json\" class=\"yoast-schema-graph\">{\"@context\":\"https:\\\/\\\/schema.org\",\"@graph\":[{\"@type\":\"WebPage\",\"@id\":\"https:\\\/\\\/kidlife.hu\\\/lemondas-24\\\/\",\"url\":\"https:\\\/\\\/kidlife.hu\\\/lemondas-24\\\/\",\"name\":\"Lemond\u00e1s 24 - KidLife\",\"isPartOf\":{\"@id\":\"https:\\\/\\\/kidlife.hu\\\/#website\"},\"datePublished\":\"2024-05-03T11:23:24+00:00\",\"dateModified\":\"2025-05-19T13:43:14+00:00\",\"breadcrumb\":{\"@id\":\"https:\\\/\\\/kidlife.hu\\\/lemondas-24\\\/#breadcrumb\"},\"inLanguage\":\"en-GB\",\"potentialAction\":[{\"@type\":\"ReadAction\",\"target\":[\"https:\\\/\\\/kidlife.hu\\\/lemondas-24\\\/\"]}]},{\"@type\":\"BreadcrumbList\",\"@id\":\"https:\\\/\\\/kidlife.hu\\\/lemondas-24\\\/#breadcrumb\",\"itemListElement\":[{\"@type\":\"ListItem\",\"position\":1,\"name\":\"Kezd\u0151lap\",\"item\":\"https:\\\/\\\/kidlife.hu\\\/\"},{\"@type\":\"ListItem\",\"position\":2,\"name\":\"Lemond\u00e1s 24\"}]},{\"@type\":\"WebSite\",\"@id\":\"https:\\\/\\\/kidlife.hu\\\/#website\",\"url\":\"https:\\\/\\\/kidlife.hu\\\/\",\"name\":\"KidLife\",\"description\":\"Gyermekpszichol\u00f3gia \u00e9s fejleszt\u00e9s\",\"publisher\":{\"@id\":\"https:\\\/\\\/kidlife.hu\\\/#organization\"},\"potentialAction\":[{\"@type\":\"SearchAction\",\"target\":{\"@type\":\"EntryPoint\",\"urlTemplate\":\"https:\\\/\\\/kidlife.hu\\\/?s={search_term_string}\"},\"query-input\":{\"@type\":\"PropertyValueSpecification\",\"valueRequired\":true,\"valueName\":\"search_term_string\"}}],\"inLanguage\":\"en-GB\"},{\"@type\":\"Organization\",\"@id\":\"https:\\\/\\\/kidlife.hu\\\/#organization\",\"name\":\"KidLife\",\"url\":\"https:\\\/\\\/kidlife.hu\\\/\",\"logo\":{\"@type\":\"ImageObject\",\"inLanguage\":\"en-GB\",\"@id\":\"https:\\\/\\\/kidlife.hu\\\/#\\\/schema\\\/logo\\\/image\\\/\",\"url\":\"https:\\\/\\\/kidlife.hu\\\/wp-content\\\/uploads\\\/kidlife-fb-profile-02.png\",\"contentUrl\":\"https:\\\/\\\/kidlife.hu\\\/wp-content\\\/uploads\\\/kidlife-fb-profile-02.png\",\"width\":1024,\"height\":1024,\"caption\":\"KidLife\"},\"image\":{\"@id\":\"https:\\\/\\\/kidlife.hu\\\/#\\\/schema\\\/logo\\\/image\\\/\"},\"sameAs\":[\"https:\\\/\\\/www.facebook.com\\\/kidlifestudio\"]}]}<\/script>\n<!-- \/ Yoast SEO plugin. -->","yoast_head_json":{"title":"Lemond\u00e1s 24 - KidLife","robots":{"index":"index","follow":"follow","max-snippet":"max-snippet:-1","max-image-preview":"max-image-preview:large","max-video-preview":"max-video-preview:-1"},"canonical":"https:\/\/kidlife.hu\/english\/lemondas-24\/","og_locale":"en_GB","og_type":"article","og_title":"Lemond\u00e1s 24 - KidLife","og_description":"Sajn\u00e1ljuk, hogy nem tudunk most tal\u00e1lkozni \ud83d\ude41 a lemond\u00e1si hat\u00e1rid\u0151 azonban m\u00e1r lej\u00e1rt A foglal\u00e1s lemond\u00e1s\u00e1ra vonatkoz\u00f3 szab\u00e1lyaink szerint az id\u0151pontt\u00f3l sz\u00e1m\u00edtott 24 \u00f3r\u00e1n bel\u00fcli lemond\u00e1sok eset\u00e9n m\u00e1r nem \u00e1ll m\u00f3dunkban a lemond\u00e1st elfogadni, \u00e9s a teljes konzult\u00e1ci\u00f3s d\u00edjat sz\u00e1m\u00edtjuk fel. \u26a0\ufe0f Bizonyos esetekben lehet\u0151s\u00e9g van a tal\u00e1lkoz\u00f3t online megtartani: ha ez megold\u00e1s lehet, k\u00e9rem &hellip; Read More \"Lemond\u00e1s 24\"","og_url":"https:\/\/kidlife.hu\/english\/lemondas-24\/","og_site_name":"KidLife","article_publisher":"https:\/\/www.facebook.com\/kidlifestudio","article_modified_time":"2025-05-19T13:43:14+00:00","twitter_card":"summary_large_image","twitter_misc":{"Estimated reading time":"1 minute"},"schema":{"@context":"https:\/\/schema.org","@graph":[{"@type":"WebPage","@id":"https:\/\/kidlife.hu\/lemondas-24\/","url":"https:\/\/kidlife.hu\/lemondas-24\/","name":"Lemond\u00e1s 24 - KidLife","isPartOf":{"@id":"https:\/\/kidlife.hu\/#website"},"datePublished":"2024-05-03T11:23:24+00:00","dateModified":"2025-05-19T13:43:14+00:00","breadcrumb":{"@id":"https:\/\/kidlife.hu\/lemondas-24\/#breadcrumb"},"inLanguage":"en-GB","potentialAction":[{"@type":"ReadAction","target":["https:\/\/kidlife.hu\/lemondas-24\/"]}]},{"@type":"BreadcrumbList","@id":"https:\/\/kidlife.hu\/lemondas-24\/#breadcrumb","itemListElement":[{"@type":"ListItem","position":1,"name":"Kezd\u0151lap","item":"https:\/\/kidlife.hu\/"},{"@type":"ListItem","position":2,"name":"Lemond\u00e1s 24"}]},{"@type":"WebSite","@id":"https:\/\/kidlife.hu\/#website","url":"https:\/\/kidlife.hu\/","name":"KidLife","description":"Gyermekpszichol\u00f3gia \u00e9s fejleszt\u00e9s","publisher":{"@id":"https:\/\/kidlife.hu\/#organization"},"potentialAction":[{"@type":"SearchAction","target":{"@type":"EntryPoint","urlTemplate":"https:\/\/kidlife.hu\/?s={search_term_string}"},"query-input":{"@type":"PropertyValueSpecification","valueRequired":true,"valueName":"search_term_string"}}],"inLanguage":"en-GB"},{"@type":"Organization","@id":"https:\/\/kidlife.hu\/#organization","name":"KidLife","url":"https:\/\/kidlife.hu\/","logo":{"@type":"ImageObject","inLanguage":"en-GB","@id":"https:\/\/kidlife.hu\/#\/schema\/logo\/image\/","url":"https:\/\/kidlife.hu\/wp-content\/uploads\/kidlife-fb-profile-02.png","contentUrl":"https:\/\/kidlife.hu\/wp-content\/uploads\/kidlife-fb-profile-02.png","width":1024,"height":1024,"caption":"KidLife"},"image":{"@id":"https:\/\/kidlife.hu\/#\/schema\/logo\/image\/"},"sameAs":["https:\/\/www.facebook.com\/kidlifestudio"]}]}},"_links":{"self":[{"href":"https:\/\/kidlife.hu\/english\/wp-json\/wp\/v2\/pages\/17961","targetHints":{"allow":["GET"]}}],"collection":[{"href":"https:\/\/kidlife.hu\/english\/wp-json\/wp\/v2\/pages"}],"about":[{"href":"https:\/\/kidlife.hu\/english\/wp-json\/wp\/v2\/types\/page"}],"author":[{"embeddable":true,"href":"https:\/\/kidlife.hu\/english\/wp-json\/wp\/v2\/users\/27"}],"replies":[{"embeddable":true,"href":"https:\/\/kidlife.hu\/english\/wp-json\/wp\/v2\/comments?post=17961"}],"version-history":[{"count":33,"href":"https:\/\/kidlife.hu\/english\/wp-json\/wp\/v2\/pages\/17961\/revisions"}],"predecessor-version":[{"id":28210,"href":"https:\/\/kidlife.hu\/english\/wp-json\/wp\/v2\/pages\/17961\/revisions\/28210"}],"wp:attachment":[{"href":"https:\/\/kidlife.hu\/english\/wp-json\/wp\/v2\/media?parent=17961"}],"curies":[{"name":"wp","href":"https:\/\/api.w.org\/{rel}","templated":true}]}}