{"id":22045,"date":"2024-10-18T22:54:14","date_gmt":"2024-10-18T20:54:14","guid":{"rendered":"https:\/\/kidlife.hu\/?page_id=22045"},"modified":"2024-10-18T23:06:43","modified_gmt":"2024-10-18T21:06:43","slug":"tajekoztato-juttatasokrol","status":"publish","type":"page","link":"https:\/\/kidlife.hu\/english\/tajekoztato-juttatasokrol\/","title":{"rendered":"T\u00e1j\u00e9koztat\u00f3 juttat\u00e1sokr\u00f3l"},"content":{"rendered":"<div data-elementor-type=\"wp-page\" data-elementor-id=\"22045\" class=\"elementor elementor-22045\" data-elementor-post-type=\"page\">\n\t\t\t\t\t\t<section class=\"elementor-section elementor-top-section elementor-element elementor-element-eb11072 elementor-section-stretched elementor-section-boxed elementor-section-height-default elementor-section-height-default\" data-id=\"eb11072\" data-element_type=\"section\" data-e-type=\"section\" data-settings=\"{&quot;stretch_section&quot;:&quot;section-stretched&quot;,&quot;background_background&quot;:&quot;classic&quot;}\">\n\t\t\t\t\t\t<div class=\"elementor-container elementor-column-gap-no\">\n\t\t\t\t\t<div class=\"elementor-column elementor-col-100 elementor-top-column elementor-element elementor-element-746d35c\" data-id=\"746d35c\" data-element_type=\"column\" data-e-type=\"column\" data-settings=\"{&quot;background_background&quot;:&quot;classic&quot;}\">\n\t\t\t<div class=\"elementor-widget-wrap elementor-element-populated\">\n\t\t\t\t\t\t<section class=\"elementor-section elementor-inner-section elementor-element elementor-element-6c0d832 elementor-section-boxed elementor-section-height-default elementor-section-height-default\" data-id=\"6c0d832\" data-element_type=\"section\" data-e-type=\"section\" data-settings=\"{&quot;background_background&quot;:&quot;classic&quot;}\">\n\t\t\t\t\t\t<div class=\"elementor-container elementor-column-gap-default\">\n\t\t\t\t\t<div class=\"elementor-column elementor-col-100 elementor-inner-column elementor-element elementor-element-cf1282e\" data-id=\"cf1282e\" data-element_type=\"column\" data-e-type=\"column\" data-settings=\"{&quot;background_background&quot;:&quot;classic&quot;}\">\n\t\t\t<div class=\"elementor-widget-wrap elementor-element-populated\">\n\t\t\t\t\t\t<div class=\"elementor-element elementor-element-ff6a2a2 elementor-widget elementor-widget-heading\" data-id=\"ff6a2a2\" data-element_type=\"widget\" data-e-type=\"widget\" data-widget_type=\"heading.default\">\n\t\t\t\t<div class=\"elementor-widget-container\">\n\t\t\t\t\t<div class=\"elementor-heading-wrapper\" ><div class=\"elementor-heading-wrapper-inner\"><h2 class=\"elementor-heading-title elementor-size-default\">T\u00e1j\u00e9koztat\u00f3 autizmus spektrumzavar diagn\u00f3zis eset\u00e9n\nig\u00e9nybe vehet\u0151 juttat\u00e1sokr\u00f3l 18 \u00e9ves kor alatt<\/h2><\/div><\/div>\t\t\t\t<\/div>\n\t\t\t\t<\/div>\n\t\t\t\t<div class=\"elementor-element elementor-element-03e91dd elementor-widget elementor-widget-text-editor\" data-id=\"03e91dd\" data-element_type=\"widget\" data-e-type=\"widget\" data-widget_type=\"text-editor.default\">\n\t\t\t\t<div class=\"elementor-widget-container\">\n\t\t\t\t\t\t\t\t\t<p>Szeretn\u00e9nk t\u00e1j\u00e9koztatni \u00d6n\u00f6ket arr\u00f3l, hogy gyermek\u00fck autizmus spektrumzavar diagn\u00f3zisa eset\u00e9n milyen juttat\u00e1sok ig\u00e9nyelhet\u0151k.<\/p>\n<p>Az autizmus diagn\u00f3zis\u00e1hoz kapcsol\u00f3d\u00f3 juttat\u00e1sok \u00e9s ell\u00e1t\u00e1sok ig\u00e9nyl\u00e9s\u00e9hez sz\u00fcks\u00e9ges szakorvosi feladatokat a ter\u00fcletileg illet\u00e9kes gyermekpszichi\u00e1triai int\u00e9zm\u00e9nyek l\u00e1tj\u00e1k el, az \u00e1ltalunk ki\u00e1ll\u00edtott szakv\u00e9lem\u00e9ny alapj\u00e1n.<\/p>\n<p>Fontos megjegyezni, hogy az al\u00e1bbi inform\u00e1ci\u00f3k t\u00e1j\u00e9koztat\u00f3 jelleg\u0171ek, azok pontoss\u00e1g\u00e1\u00e9rt felel\u0151ss\u00e9get nem v\u00e1llalunk. Tov\u00e1bbi r\u00e9szletek\u00e9rt, illetve az esetleges jogszab\u00e1lyi v\u00e1ltoz\u00e1sok nyomon k\u00f6vet\u00e9s\u00e9hez javasoljuk, hogy keress\u00e9k fel az Emberi Er\u0151forr\u00e1sok Miniszt\u00e9rium\u00e1nak hivatalos honlapj\u00e1t.<\/p>\n<p>Az autizmus spektrumzavarral \u00e9l\u0151 gyermek ut\u00e1n a csal\u00e1d az al\u00e1bbi juttat\u00e1sokra jogosult:<\/p>\n<ol>\n<li>\n<p><strong>Emelt \u00f6sszeg\u0171 csal\u00e1di p\u00f3tl\u00e9k<\/strong>: A gyermek 18 \u00e9ves kor\u00e1ig ig\u00e9nyelhet\u0151. Az ig\u00e9nyl\u00e9shez az \u201eIgazol\u00e1s tart\u00f3san beteg vagy s\u00falyosan fogyat\u00e9kos gyermekr\u0151l\u201d nev\u0171 orvosi igazol\u00e1st kell beny\u00fajtani a Magyar \u00c1llamkincst\u00e1rhoz. Az emelt \u00f6sszeg\u0171 csal\u00e1di p\u00f3tl\u00e9kra vonatkoz\u00f3 igazol\u00e1s alapj\u00e1n a sz\u00fcl\u0151k a Munka T\u00f6rv\u00e9nyk\u00f6nyve 118. \u00a7-a \u00e9rtelm\u00e9ben plusz k\u00e9t nap fizetett szabads\u00e1gra jogosultak gyermek\u00fck 16 \u00e9ves kor\u00e1ig.<\/p><\/li><li>\n<p><strong>Meghosszabb\u00edtott GYES<\/strong>: A sz\u00fcl\u0151 jogosult a gyermek 10 \u00e9ves kor\u00e1ig. A sz\u00fcl\u0151 ebben az id\u0151szakban napi 8 \u00f3r\u00e1ban is v\u00e1llalhat munk\u00e1t. Az ig\u00e9nyl\u00e9s m\u00f3dja megegyezik az emelt \u00f6sszeg\u0171 csal\u00e1di p\u00f3tl\u00e9k ig\u00e9nyl\u00e9s\u00e9nek folyamat\u00e1val.<\/p>\n<\/li>\n<\/ol>\n<p>Felh\u00edvjuk figyelm\u00fcket, hogy mind a csal\u00e1di p\u00f3tl\u00e9k, mind a GYES orvosi igazol\u00e1sa meghat\u00e1rozott id\u0151re \u00e9rv\u00e9nyes. A foly\u00f3s\u00edt\u00e1s folytat\u00e1s\u00e1hoz \u00fajabb szakorvosi igazol\u00e1s sz\u00fcks\u00e9ges. K\u00e9rj\u00fck, k\u00eds\u00e9rj\u00e9k figyelemmel az igazol\u00e1sok \u00e9rv\u00e9nyess\u00e9gi idej\u00e9t.<\/p>\n<ol start=\"3\">\n<li>\n<p><strong>\u00c1pol\u00e1si d\u00edj<\/strong>: Az a sz\u00fcl\u0151 vagy nagykor\u00fa hozz\u00e1tartoz\u00f3, aki a saj\u00e1t lak\u00e1s\u00e1ban gondoskodik a 18 \u00e9v alatti gyermek \u00e1pol\u00e1s\u00e1r\u00f3l, jogosult \u00e1pol\u00e1si d\u00edjra. S\u00falyosan fogyat\u00e9kos gyermek eset\u00e9n, k\u00fcl\u00f6n ig\u00e9nyl\u00e9s alapj\u00e1n, meg\u00e1llap\u00edthat\u00f3 a Fokozott \u00c1pol\u00e1st Ig\u00e9nyl\u0151 Szem\u00e9ly Ut\u00e1n J\u00e1r\u00f3 D\u00edj. Halmozottan s\u00e9r\u00fclt (p\u00e9ld\u00e1ul mozg\u00e1skorl\u00e1tozott, \u00e1gyban fekv\u0151) gyermekek eset\u00e9n ig\u00e9nyelhet\u0151 a Kiemelt \u00c1pol\u00e1si D\u00edj is. A meghosszabb\u00edtott GYES-sel egy\u00fctt is ig\u00e9nyelhet\u0151 az \u00e1pol\u00e1si d\u00edj, ilyenkor a sz\u00fcl\u0151 a k\u00e9t juttat\u00e1s k\u00f6z\u00f6tti k\u00fcl\u00f6nb\u00f6zetet kapja meg. Az \u00e1pol\u00e1si d\u00edj szolg\u00e1lati id\u0151nek sz\u00e1m\u00edt, \u00e9s \u00e9vente kell meghosszabb\u00edtani.<\/p>\n<\/li>\n<li>\n<p><strong>Gyermekek Otthongondoz\u00e1si D\u00edja (GYOD)<\/strong>: A sz\u00fcl\u0151 a j\u00e1r\u00e1si hivataln\u00e1l, korm\u00e1nyablakn\u00e1l vagy a polg\u00e1rmesteri hivataln\u00e1l ig\u00e9nyelheti. 6 \u00e9ves kor alatti gyermekek eset\u00e9n a gondoz\u00f3 szakorvos, 6 \u00e9ves kor felett pedig a h\u00e1ziorvos \u00e1ll\u00edtja ki az igazol\u00e1st.<\/p>\n<\/li>\n<li>\n<p><strong>K\u00f6zgy\u00f3gyell\u00e1t\u00e1sra jogos\u00edt\u00f3 igazolv\u00e1ny<\/strong>: Az emelt \u00f6sszeg\u0171 csal\u00e1di p\u00f3tl\u00e9k foly\u00f3s\u00edt\u00e1sa alapj\u00e1n ig\u00e9nyelhet\u0151, a helyileg illet\u00e9kes \u00f6nkorm\u00e1nyzat szoci\u00e1lis oszt\u00e1ly\u00e1n. Az ig\u00e9nyl\u00e9shez sz\u00fcks\u00e9ges az emelt csal\u00e1di p\u00f3tl\u00e9k ig\u00e9nyl\u0151lapj\u00e1nak m\u00e1solata \u00e9s a h\u00e1ziorvosi igazol\u00e1s. Az igazolv\u00e1nyt \u00e9vente meg kell hosszabb\u00edtani.<\/p>\n<\/li>\n<li>\n<p><strong>Ingyenes parkol\u00e1si igazolv\u00e1ny<\/strong>: Az emelt \u00f6sszeg\u0171 csal\u00e1di p\u00f3tl\u00e9k foly\u00f3s\u00edt\u00e1sa alapj\u00e1n, autizmus spektrumzavar diagn\u00f3zis eset\u00e9n ig\u00e9nyelhet\u0151. Az ig\u00e9nyl\u00e9shez sz\u00fcks\u00e9ges orvosi igazol\u00e1s megegyezik az emelt \u00f6sszeg\u0171 csal\u00e1di p\u00f3tl\u00e9k igazol\u00e1s\u00e1val, melyet a gondoz\u00f3 szakint\u00e9zm\u00e9ny \u00e1ll\u00edt ki.<\/p>\n<\/li>\n<li>\n<p><strong>Pelenk\u00e1z\u00e1si juttat\u00e1s<\/strong>: Abban az esetben, ha a gyermek szobatisztas\u00e1ga m\u00e9g nem alakult ki, a sz\u00fcl\u0151 az illet\u00e9kes gyermekneurol\u00f3gi\u00e1n k\u00e9rheti a pelenka fel\u00edr\u00e1s\u00e1t gyermekpszichi\u00e1triai javaslat alapj\u00e1n. Ha a szobatisztas\u00e1g kialakul\u00e1sa hosszabb ideig v\u00e1rhat\u00f3, a h\u00e1ziorvos is jogosult fel\u00edrni a pelenk\u00e1t a neurol\u00f3gus igazol\u00e1sa alapj\u00e1n.<\/p>\n<\/li>\n<li>\n<p><strong>Kedvezm\u00e9nyes k\u00f6zleked\u00e9s<\/strong>: A helyi t\u00f6megk\u00f6zleked\u00e9si eszk\u00f6z\u00f6ket a gyermek \u00e9s egy k\u00eds\u00e9r\u0151 ingyenesen vehetik ig\u00e9nybe. A helyk\u00f6zi k\u00f6zleked\u00e9s (vas\u00fat, t\u00e1vols\u00e1gi busz) eset\u00e9n 90%-os kedvezm\u00e9nnyel v\u00e1lthat\u00f3 jegy. Az ig\u00e9nybev\u00e9telhez az emelt \u00f6sszeg\u0171 csal\u00e1di p\u00f3tl\u00e9kra vonatkoz\u00f3 hat\u00f3s\u00e1gi igazol\u00e1s sz\u00fcks\u00e9ges, amelyet a Magyar \u00c1llamkincst\u00e1r ter\u00fcletileg illet\u00e9kes kirendelts\u00e9ge ad ki.<\/p>\n<\/li>\n<\/ol>\t\t\t\t\t\t\t\t<\/div>\n\t\t\t\t<\/div>\n\t\t\t\t<div class=\"elementor-element elementor-element-f22851e elementor-widget elementor-widget-button\" data-id=\"f22851e\" data-element_type=\"widget\" data-e-type=\"widget\" data-widget_type=\"button.default\">\n\t\t\t\t<div class=\"elementor-widget-container\">\n\t\t\t\t\t        <div class=\"elementor-button-wrapper elementor-button-primary\" data-no-translation-class=\"\">\n            <a href=\"https:\/\/kidlife.hu\/wp-content\/uploads\/KidLife-Tajekoztato_juttatasokrol.pdf\" class=\"elementor-button-link elementor-button elementor-size-md\" role=\"button\">\n                \t\t<span class=\"elementor-button-content-wrapper\">\n\t\t\t\t\t\t<span class=\"elementor-button-icon\">\n\t\t\t\t\t\t\t\t\t<i class=\"opal-icon-arrow-right\" aria-hidden=\"true\"><\/i>\n\t\t\t\t\t\t\t<\/span>\n\t\t\t\t\t\t\t\t\t<span class=\"elementor-button-text\">PDF let\u00f6lt\u00e9s<\/span>\n\t\t\t\t\t<\/span>\n\t\t            <\/a>\n        <\/div>\n        \t\t\t\t<\/div>\n\t\t\t\t<\/div>\n\t\t\t\t\t<\/div>\n\t\t<\/div>\n\t\t\t\t\t<\/div>\n\t\t<\/section>\n\t\t\t\t\t<\/div>\n\t\t<\/div>\n\t\t\t\t\t<\/div>\n\t\t<\/section>\n\t\t\t\t<\/div>","protected":false},"excerpt":{"rendered":"<p>T\u00e1j\u00e9koztat\u00f3 autizmus spektrumzavar diagn\u00f3zis eset\u00e9n ig\u00e9nybe vehet\u0151 juttat\u00e1sokr\u00f3l 18 \u00e9ves kor alatt Szeretn\u00e9nk t\u00e1j\u00e9koztatni \u00d6n\u00f6ket arr\u00f3l, hogy gyermek\u00fck autizmus spektrumzavar diagn\u00f3zisa eset\u00e9n milyen juttat\u00e1sok ig\u00e9nyelhet\u0151k. Az autizmus diagn\u00f3zis\u00e1hoz kapcsol\u00f3d\u00f3 juttat\u00e1sok \u00e9s ell\u00e1t\u00e1sok ig\u00e9nyl\u00e9s\u00e9hez sz\u00fcks\u00e9ges szakorvosi feladatokat a ter\u00fcletileg illet\u00e9kes gyermekpszichi\u00e1triai int\u00e9zm\u00e9nyek l\u00e1tj\u00e1k el, az \u00e1ltalunk ki\u00e1ll\u00edtott szakv\u00e9lem\u00e9ny alapj\u00e1n. Fontos megjegyezni, hogy az al\u00e1bbi inform\u00e1ci\u00f3k t\u00e1j\u00e9koztat\u00f3 &hellip; <\/p>\n<p class=\"link-more\"><a href=\"https:\/\/kidlife.hu\/english\/tajekoztato-juttatasokrol\/\" class=\"more-link\">Read More <span class=\"screen-reader-text\"> &#8220;T\u00e1j\u00e9koztat\u00f3 juttat\u00e1sokr\u00f3l&#8221;<\/span><span class=\"opal-icon opal-icon-arrow-alt-circle-right\"><\/span><\/a><\/p>","protected":false},"author":13,"featured_media":0,"parent":0,"menu_order":0,"comment_status":"closed","ping_status":"closed","template":"page-elementor.php","meta":{"footnotes":""},"class_list":["post-22045","page","type-page","status-publish","hentry"],"_elementor_template_sub_type":null,"_elementor_conditions":null,"_yoast_wpseo_primary_category":null,"_oembed_d944eacaa867b166ee36e1263fcdc055":null,"yoast_head":"<!-- This site is optimized with the Yoast SEO plugin v27.3 - https:\/\/yoast.com\/product\/yoast-seo-wordpress\/ -->\n<title>T\u00e1j\u00e9koztat\u00f3 juttat\u00e1sokr\u00f3l - KidLife<\/title>\n<meta name=\"robots\" content=\"index, follow, max-snippet:-1, max-image-preview:large, max-video-preview:-1\" \/>\n<link rel=\"canonical\" href=\"https:\/\/kidlife.hu\/english\/tajekoztato-juttatasokrol\/\" \/>\n<meta property=\"og:locale\" content=\"en_GB\" \/>\n<meta property=\"og:type\" content=\"article\" \/>\n<meta property=\"og:title\" content=\"T\u00e1j\u00e9koztat\u00f3 juttat\u00e1sokr\u00f3l - KidLife\" \/>\n<meta property=\"og:description\" content=\"T\u00e1j\u00e9koztat\u00f3 autizmus spektrumzavar diagn\u00f3zis eset\u00e9n ig\u00e9nybe vehet\u0151 juttat\u00e1sokr\u00f3l 18 \u00e9ves kor alatt Szeretn\u00e9nk t\u00e1j\u00e9koztatni \u00d6n\u00f6ket arr\u00f3l, hogy gyermek\u00fck autizmus spektrumzavar diagn\u00f3zisa eset\u00e9n milyen juttat\u00e1sok ig\u00e9nyelhet\u0151k. Az autizmus diagn\u00f3zis\u00e1hoz kapcsol\u00f3d\u00f3 juttat\u00e1sok \u00e9s ell\u00e1t\u00e1sok ig\u00e9nyl\u00e9s\u00e9hez sz\u00fcks\u00e9ges szakorvosi feladatokat a ter\u00fcletileg illet\u00e9kes gyermekpszichi\u00e1triai int\u00e9zm\u00e9nyek l\u00e1tj\u00e1k el, az \u00e1ltalunk ki\u00e1ll\u00edtott szakv\u00e9lem\u00e9ny alapj\u00e1n. Fontos megjegyezni, hogy az al\u00e1bbi inform\u00e1ci\u00f3k t\u00e1j\u00e9koztat\u00f3 &hellip; Read More &quot;T\u00e1j\u00e9koztat\u00f3 juttat\u00e1sokr\u00f3l&quot;\" \/>\n<meta property=\"og:url\" content=\"https:\/\/kidlife.hu\/english\/tajekoztato-juttatasokrol\/\" \/>\n<meta property=\"og:site_name\" content=\"KidLife\" \/>\n<meta property=\"article:publisher\" content=\"https:\/\/www.facebook.com\/kidlifestudio\" \/>\n<meta property=\"article:modified_time\" content=\"2024-10-18T21:06:43+00:00\" \/>\n<meta name=\"twitter:card\" content=\"summary_large_image\" \/>\n<meta name=\"twitter:label1\" content=\"Estimated reading time\" \/>\n\t<meta name=\"twitter:data1\" content=\"3 minutes\" \/>\n<script type=\"application\/ld+json\" class=\"yoast-schema-graph\">{\"@context\":\"https:\\\/\\\/schema.org\",\"@graph\":[{\"@type\":\"WebPage\",\"@id\":\"https:\\\/\\\/kidlife.hu\\\/tajekoztato-juttatasokrol\\\/\",\"url\":\"https:\\\/\\\/kidlife.hu\\\/tajekoztato-juttatasokrol\\\/\",\"name\":\"T\u00e1j\u00e9koztat\u00f3 juttat\u00e1sokr\u00f3l - KidLife\",\"isPartOf\":{\"@id\":\"https:\\\/\\\/kidlife.hu\\\/#website\"},\"datePublished\":\"2024-10-18T20:54:14+00:00\",\"dateModified\":\"2024-10-18T21:06:43+00:00\",\"breadcrumb\":{\"@id\":\"https:\\\/\\\/kidlife.hu\\\/tajekoztato-juttatasokrol\\\/#breadcrumb\"},\"inLanguage\":\"en-GB\",\"potentialAction\":[{\"@type\":\"ReadAction\",\"target\":[\"https:\\\/\\\/kidlife.hu\\\/tajekoztato-juttatasokrol\\\/\"]}]},{\"@type\":\"BreadcrumbList\",\"@id\":\"https:\\\/\\\/kidlife.hu\\\/tajekoztato-juttatasokrol\\\/#breadcrumb\",\"itemListElement\":[{\"@type\":\"ListItem\",\"position\":1,\"name\":\"Kezd\u0151lap\",\"item\":\"https:\\\/\\\/kidlife.hu\\\/\"},{\"@type\":\"ListItem\",\"position\":2,\"name\":\"T\u00e1j\u00e9koztat\u00f3 juttat\u00e1sokr\u00f3l\"}]},{\"@type\":\"WebSite\",\"@id\":\"https:\\\/\\\/kidlife.hu\\\/#website\",\"url\":\"https:\\\/\\\/kidlife.hu\\\/\",\"name\":\"KidLife\",\"description\":\"Gyermekpszichol\u00f3gia \u00e9s fejleszt\u00e9s\",\"publisher\":{\"@id\":\"https:\\\/\\\/kidlife.hu\\\/#organization\"},\"potentialAction\":[{\"@type\":\"SearchAction\",\"target\":{\"@type\":\"EntryPoint\",\"urlTemplate\":\"https:\\\/\\\/kidlife.hu\\\/?s={search_term_string}\"},\"query-input\":{\"@type\":\"PropertyValueSpecification\",\"valueRequired\":true,\"valueName\":\"search_term_string\"}}],\"inLanguage\":\"en-GB\"},{\"@type\":\"Organization\",\"@id\":\"https:\\\/\\\/kidlife.hu\\\/#organization\",\"name\":\"KidLife\",\"url\":\"https:\\\/\\\/kidlife.hu\\\/\",\"logo\":{\"@type\":\"ImageObject\",\"inLanguage\":\"en-GB\",\"@id\":\"https:\\\/\\\/kidlife.hu\\\/#\\\/schema\\\/logo\\\/image\\\/\",\"url\":\"https:\\\/\\\/kidlife.hu\\\/wp-content\\\/uploads\\\/kidlife-fb-profile-02.png\",\"contentUrl\":\"https:\\\/\\\/kidlife.hu\\\/wp-content\\\/uploads\\\/kidlife-fb-profile-02.png\",\"width\":1024,\"height\":1024,\"caption\":\"KidLife\"},\"image\":{\"@id\":\"https:\\\/\\\/kidlife.hu\\\/#\\\/schema\\\/logo\\\/image\\\/\"},\"sameAs\":[\"https:\\\/\\\/www.facebook.com\\\/kidlifestudio\"]}]}<\/script>\n<!-- \/ Yoast SEO plugin. -->","yoast_head_json":{"title":"T\u00e1j\u00e9koztat\u00f3 juttat\u00e1sokr\u00f3l - KidLife","robots":{"index":"index","follow":"follow","max-snippet":"max-snippet:-1","max-image-preview":"max-image-preview:large","max-video-preview":"max-video-preview:-1"},"canonical":"https:\/\/kidlife.hu\/english\/tajekoztato-juttatasokrol\/","og_locale":"en_GB","og_type":"article","og_title":"T\u00e1j\u00e9koztat\u00f3 juttat\u00e1sokr\u00f3l - KidLife","og_description":"T\u00e1j\u00e9koztat\u00f3 autizmus spektrumzavar diagn\u00f3zis eset\u00e9n ig\u00e9nybe vehet\u0151 juttat\u00e1sokr\u00f3l 18 \u00e9ves kor alatt Szeretn\u00e9nk t\u00e1j\u00e9koztatni \u00d6n\u00f6ket arr\u00f3l, hogy gyermek\u00fck autizmus spektrumzavar diagn\u00f3zisa eset\u00e9n milyen juttat\u00e1sok ig\u00e9nyelhet\u0151k. Az autizmus diagn\u00f3zis\u00e1hoz kapcsol\u00f3d\u00f3 juttat\u00e1sok \u00e9s ell\u00e1t\u00e1sok ig\u00e9nyl\u00e9s\u00e9hez sz\u00fcks\u00e9ges szakorvosi feladatokat a ter\u00fcletileg illet\u00e9kes gyermekpszichi\u00e1triai int\u00e9zm\u00e9nyek l\u00e1tj\u00e1k el, az \u00e1ltalunk ki\u00e1ll\u00edtott szakv\u00e9lem\u00e9ny alapj\u00e1n. Fontos megjegyezni, hogy az al\u00e1bbi inform\u00e1ci\u00f3k t\u00e1j\u00e9koztat\u00f3 &hellip; Read More \"T\u00e1j\u00e9koztat\u00f3 juttat\u00e1sokr\u00f3l\"","og_url":"https:\/\/kidlife.hu\/english\/tajekoztato-juttatasokrol\/","og_site_name":"KidLife","article_publisher":"https:\/\/www.facebook.com\/kidlifestudio","article_modified_time":"2024-10-18T21:06:43+00:00","twitter_card":"summary_large_image","twitter_misc":{"Estimated reading time":"3 minutes"},"schema":{"@context":"https:\/\/schema.org","@graph":[{"@type":"WebPage","@id":"https:\/\/kidlife.hu\/tajekoztato-juttatasokrol\/","url":"https:\/\/kidlife.hu\/tajekoztato-juttatasokrol\/","name":"T\u00e1j\u00e9koztat\u00f3 juttat\u00e1sokr\u00f3l - KidLife","isPartOf":{"@id":"https:\/\/kidlife.hu\/#website"},"datePublished":"2024-10-18T20:54:14+00:00","dateModified":"2024-10-18T21:06:43+00:00","breadcrumb":{"@id":"https:\/\/kidlife.hu\/tajekoztato-juttatasokrol\/#breadcrumb"},"inLanguage":"en-GB","potentialAction":[{"@type":"ReadAction","target":["https:\/\/kidlife.hu\/tajekoztato-juttatasokrol\/"]}]},{"@type":"BreadcrumbList","@id":"https:\/\/kidlife.hu\/tajekoztato-juttatasokrol\/#breadcrumb","itemListElement":[{"@type":"ListItem","position":1,"name":"Kezd\u0151lap","item":"https:\/\/kidlife.hu\/"},{"@type":"ListItem","position":2,"name":"T\u00e1j\u00e9koztat\u00f3 juttat\u00e1sokr\u00f3l"}]},{"@type":"WebSite","@id":"https:\/\/kidlife.hu\/#website","url":"https:\/\/kidlife.hu\/","name":"KidLife","description":"Gyermekpszichol\u00f3gia \u00e9s fejleszt\u00e9s","publisher":{"@id":"https:\/\/kidlife.hu\/#organization"},"potentialAction":[{"@type":"SearchAction","target":{"@type":"EntryPoint","urlTemplate":"https:\/\/kidlife.hu\/?s={search_term_string}"},"query-input":{"@type":"PropertyValueSpecification","valueRequired":true,"valueName":"search_term_string"}}],"inLanguage":"en-GB"},{"@type":"Organization","@id":"https:\/\/kidlife.hu\/#organization","name":"KidLife","url":"https:\/\/kidlife.hu\/","logo":{"@type":"ImageObject","inLanguage":"en-GB","@id":"https:\/\/kidlife.hu\/#\/schema\/logo\/image\/","url":"https:\/\/kidlife.hu\/wp-content\/uploads\/kidlife-fb-profile-02.png","contentUrl":"https:\/\/kidlife.hu\/wp-content\/uploads\/kidlife-fb-profile-02.png","width":1024,"height":1024,"caption":"KidLife"},"image":{"@id":"https:\/\/kidlife.hu\/#\/schema\/logo\/image\/"},"sameAs":["https:\/\/www.facebook.com\/kidlifestudio"]}]}},"_links":{"self":[{"href":"https:\/\/kidlife.hu\/english\/wp-json\/wp\/v2\/pages\/22045","targetHints":{"allow":["GET"]}}],"collection":[{"href":"https:\/\/kidlife.hu\/english\/wp-json\/wp\/v2\/pages"}],"about":[{"href":"https:\/\/kidlife.hu\/english\/wp-json\/wp\/v2\/types\/page"}],"author":[{"embeddable":true,"href":"https:\/\/kidlife.hu\/english\/wp-json\/wp\/v2\/users\/13"}],"replies":[{"embeddable":true,"href":"https:\/\/kidlife.hu\/english\/wp-json\/wp\/v2\/comments?post=22045"}],"version-history":[{"count":0,"href":"https:\/\/kidlife.hu\/english\/wp-json\/wp\/v2\/pages\/22045\/revisions"}],"wp:attachment":[{"href":"https:\/\/kidlife.hu\/english\/wp-json\/wp\/v2\/media?parent=22045"}],"curies":[{"name":"wp","href":"https:\/\/api.w.org\/{rel}","templated":true}]}}