{"id":24284,"date":"2025-01-28T12:31:34","date_gmt":"2025-01-28T11:31:34","guid":{"rendered":"https:\/\/kidlife.hu\/?page_id=24284"},"modified":"2026-01-09T12:16:46","modified_gmt":"2026-01-09T11:16:46","slug":"eeszt-belepes","status":"publish","type":"page","link":"https:\/\/kidlife.hu\/english\/eeszt-belepes\/","title":{"rendered":"Bel\u00e9p\u00e9s az EESZT-be"},"content":{"rendered":"<div data-elementor-type=\"wp-page\" data-elementor-id=\"24284\" class=\"elementor elementor-24284\" data-elementor-post-type=\"page\">\n\t\t\t\t\t\t<section class=\"elementor-section elementor-top-section elementor-element elementor-element-eb11072 elementor-section-stretched elementor-section-boxed elementor-section-height-default elementor-section-height-default\" data-id=\"eb11072\" data-element_type=\"section\" data-e-type=\"section\" data-settings=\"{&quot;stretch_section&quot;:&quot;section-stretched&quot;,&quot;background_background&quot;:&quot;classic&quot;}\">\n\t\t\t\t\t\t<div class=\"elementor-container elementor-column-gap-no\">\n\t\t\t\t\t<div class=\"elementor-column elementor-col-100 elementor-top-column elementor-element elementor-element-746d35c\" data-id=\"746d35c\" data-element_type=\"column\" data-e-type=\"column\" data-settings=\"{&quot;background_background&quot;:&quot;classic&quot;}\">\n\t\t\t<div class=\"elementor-widget-wrap elementor-element-populated\">\n\t\t\t\t\t\t<section class=\"elementor-section elementor-inner-section elementor-element elementor-element-6c0d832 elementor-section-boxed elementor-section-height-default elementor-section-height-default\" data-id=\"6c0d832\" data-element_type=\"section\" data-e-type=\"section\" data-settings=\"{&quot;background_background&quot;:&quot;classic&quot;}\">\n\t\t\t\t\t\t<div class=\"elementor-container elementor-column-gap-default\">\n\t\t\t\t\t<div class=\"elementor-column elementor-col-100 elementor-inner-column elementor-element elementor-element-cf1282e\" data-id=\"cf1282e\" data-element_type=\"column\" data-e-type=\"column\" data-settings=\"{&quot;background_background&quot;:&quot;classic&quot;}\">\n\t\t\t<div class=\"elementor-widget-wrap elementor-element-populated\">\n\t\t\t\t\t\t<div class=\"elementor-element elementor-element-ff6a2a2 elementor-widget elementor-widget-heading\" data-id=\"ff6a2a2\" data-element_type=\"widget\" data-e-type=\"widget\" data-widget_type=\"heading.default\">\n\t\t\t\t<div class=\"elementor-widget-container\">\n\t\t\t\t\t<div class=\"elementor-heading-wrapper\" ><span class=\"sub-title\">Seg\u00e9dlet sz\u00fcl\u0151knek<\/span><div class=\"elementor-heading-wrapper-inner\"><h2 class=\"elementor-heading-title elementor-size-default\">Bel\u00e9p\u00e9s az EESZT-be<\/h2><\/div><\/div>\t\t\t\t<\/div>\n\t\t\t\t<\/div>\n\t\t\t\t<div class=\"elementor-element elementor-element-1a48c56 elementor-widget-divider--view-line elementor-widget elementor-widget-divider\" data-id=\"1a48c56\" data-element_type=\"widget\" data-e-type=\"widget\" data-widget_type=\"divider.default\">\n\t\t\t\t<div class=\"elementor-widget-container\">\n\t\t\t\t\t\t\t<div class=\"elementor-divider\">\n\t\t\t<span class=\"elementor-divider-separator\">\n\t\t\t\t\t\t<\/span>\n\t\t<\/div>\n\t\t\t\t\t\t<\/div>\n\t\t\t\t<\/div>\n\t\t\t\t<div class=\"elementor-element elementor-element-c6a6e69 elementor-widget elementor-widget-text-editor\" data-id=\"c6a6e69\" data-element_type=\"widget\" data-e-type=\"widget\" data-widget_type=\"text-editor.default\">\n\t\t\t\t<div class=\"elementor-widget-container\">\n\t\t\t\t\t\t\t\t\t<h5>1. Bejelentkez\u00e9s az EESZT Lakoss\u00e1gi Port\u00e1lra<\/h5>\t\t\t\t\t\t\t\t<\/div>\n\t\t\t\t<\/div>\n\t\t\t\t<div class=\"elementor-element elementor-element-29809f8 elementor-widget elementor-widget-text-editor\" data-id=\"29809f8\" data-element_type=\"widget\" data-e-type=\"widget\" data-widget_type=\"text-editor.default\">\n\t\t\t\t<div class=\"elementor-widget-container\">\n\t\t\t\t\t\t\t\t\t<ul><li>Nyissa meg az <strong>EESZT Lakoss\u00e1gi Port\u00e1l<\/strong> weboldal\u00e1t: <a href=\"https:\/\/www.eeszt.gov.hu\/hu\/nyito-oldal\"><b><u>LINK<\/u><\/b><\/a><\/li><li>Kattintson a <strong>&#8220;Bejelentkez\u00e9s&#8221;<\/strong> gombra.<\/li><li>Jelentkezzen be az \u00dcgyf\u00e9lkapu azonos\u00edt\u00f3j\u00e1val (ehhez sz\u00fcks\u00e9ge lesz a felhaszn\u00e1l\u00f3nev\u00e9re \u00e9s jelszav\u00e1ra).<\/li><\/ul>\t\t\t\t\t\t\t\t<\/div>\n\t\t\t\t<\/div>\n\t\t\t\t<div class=\"elementor-element elementor-element-055ac1e elementor-widget elementor-widget-text-editor\" data-id=\"055ac1e\" data-element_type=\"widget\" data-e-type=\"widget\" data-widget_type=\"text-editor.default\">\n\t\t\t\t<div class=\"elementor-widget-container\">\n\t\t\t\t\t\t\t\t\t<h5>2. Gyermeke adatainak megtekint\u00e9se<\/h5>\t\t\t\t\t\t\t\t<\/div>\n\t\t\t\t<\/div>\n\t\t\t\t<div class=\"elementor-element elementor-element-bbd2c95 elementor-widget elementor-widget-text-editor\" data-id=\"bbd2c95\" data-element_type=\"widget\" data-e-type=\"widget\" data-widget_type=\"text-editor.default\">\n\t\t\t\t<div class=\"elementor-widget-container\">\n\t\t\t\t\t\t\t\t\t<ul><li>A bejelentkez\u00e9s ut\u00e1n v\u00e1lassza ki a <strong>&#8220;Hozz\u00e1tartoz\u00f3i hozz\u00e1f\u00e9r\u00e9s&#8221;<\/strong> men\u00fcpontot.<\/li><li>Ha gyermeke m\u00e1r hozz\u00e1 van rendelve \u00d6nh\u00f6z t\u00f6rv\u00e9nyes k\u00e9pvisel\u0151k\u00e9nt, a neve meg fog jelenni a list\u00e1ban. Innen kiv\u00e1laszthatja \u0151t, \u00e9s megtekintheti az adatait.<\/li><li>Ha a kapcsolat m\u00e9g nem szerepel a rendszerben, a 18 \u00e9v alatti gyermekek automatikusan megjelennek, ha \u00d6n a t\u00f6rv\u00e9nyes k\u00e9pvisel\u0151j\u00fck.<\/li><\/ul>\t\t\t\t\t\t\t\t<\/div>\n\t\t\t\t<\/div>\n\t\t\t\t<div class=\"elementor-element elementor-element-74217d7 elementor-widget elementor-widget-text-editor\" data-id=\"74217d7\" data-element_type=\"widget\" data-e-type=\"widget\" data-widget_type=\"text-editor.default\">\n\t\t\t\t<div class=\"elementor-widget-container\">\n\t\t\t\t\t\t\t\t\t<h5>3. Orvosi dokumentumok el\u00e9r\u00e9se<\/h5>\t\t\t\t\t\t\t\t<\/div>\n\t\t\t\t<\/div>\n\t\t\t\t<div class=\"elementor-element elementor-element-b2eb43c elementor-widget elementor-widget-text-editor\" data-id=\"b2eb43c\" data-element_type=\"widget\" data-e-type=\"widget\" data-widget_type=\"text-editor.default\">\n\t\t\t\t<div class=\"elementor-widget-container\">\n\t\t\t\t\t\t\t\t\t<ul>\n<li>Gyermeke nev\u00e9re kattintva hozz\u00e1f\u00e9rhet az eg\u00e9szs\u00e9g\u00fcgyi dokumentumaihoz, p\u00e9ld\u00e1ul:\n<ul>\n<li>Orvosi szakv\u00e9lem\u00e9nyek<\/li><li>Leletek<\/li>\n<li>Receptek<\/li>\n<li>K\u00f3rh\u00e1zi z\u00e1r\u00f3jelent\u00e9sek<\/li>\n<li>Egy\u00e9b eg\u00e9szs\u00e9g\u00fcgyi adatok (pl. v\u00e9d\u0151olt\u00e1sok).<\/li>\n<\/ul>\n<\/li>\n<li>A k\u00edv\u00e1nt dokumentumot egyszer\u0171en megnyithatja a b\u00f6ng\u00e9sz\u0151j\u00e9ben, vagy le is t\u00f6ltheti.<\/li>\n<\/ul>\t\t\t\t\t\t\t\t<\/div>\n\t\t\t\t<\/div>\n\t\t\t\t<div class=\"elementor-element elementor-element-fce0d41 elementor-widget elementor-widget-text-editor\" data-id=\"fce0d41\" data-element_type=\"widget\" data-e-type=\"widget\" data-widget_type=\"text-editor.default\">\n\t\t\t\t<div class=\"elementor-widget-container\">\n\t\t\t\t\t\t\t\t\t<h5>4. Ha probl\u00e9m\u00e1ba \u00fctk\u00f6zik<\/h5>\t\t\t\t\t\t\t\t<\/div>\n\t\t\t\t<\/div>\n\t\t\t\t<div class=\"elementor-element elementor-element-6de4cf7 elementor-widget elementor-widget-text-editor\" data-id=\"6de4cf7\" data-element_type=\"widget\" data-e-type=\"widget\" data-widget_type=\"text-editor.default\">\n\t\t\t\t<div class=\"elementor-widget-container\">\n\t\t\t\t\t\t\t\t\t<ul><li>Amennyiben nem l\u00e1tja gyermeke adatait, ellen\u0151rizze, hogy \u00d6n szerepel-e t\u00f6rv\u00e9nyes k\u00e9pvisel\u0151k\u00e9nt a nyilv\u00e1ntart\u00e1sban.<\/li><li>Ha ezzel kapcsolatban k\u00e9rd\u00e9sei mer\u00fcln\u00e9nek fel, \u00e9rdemes felkeresni gyermeke h\u00e1ziorvos\u00e1t, vagy seg\u00edts\u00e9get k\u00e9rni az illet\u00e9kes hat\u00f3s\u00e1gt\u00f3l, p\u00e9ld\u00e1ul a Korm\u00e1nyablakn\u00e1l.<\/li><\/ul>\t\t\t\t\t\t\t\t<\/div>\n\t\t\t\t<\/div>\n\t\t\t\t<div class=\"elementor-element elementor-element-7eeae6f elementor-widget-divider--view-line elementor-widget elementor-widget-divider\" data-id=\"7eeae6f\" data-element_type=\"widget\" data-e-type=\"widget\" data-widget_type=\"divider.default\">\n\t\t\t\t<div class=\"elementor-widget-container\">\n\t\t\t\t\t\t\t<div class=\"elementor-divider\">\n\t\t\t<span class=\"elementor-divider-separator\">\n\t\t\t\t\t\t<\/span>\n\t\t<\/div>\n\t\t\t\t\t\t<\/div>\n\t\t\t\t<\/div>\n\t\t\t\t<div class=\"elementor-element elementor-element-2466082 elementor-widget elementor-widget-text-editor\" data-id=\"2466082\" data-element_type=\"widget\" data-e-type=\"widget\" data-widget_type=\"text-editor.default\">\n\t\t\t\t<div class=\"elementor-widget-container\">\n\t\t\t\t\t\t\t\t\t<h5>Fontos inform\u00e1ci\u00f3 az adatok hozz\u00e1f\u00e9rhet\u0151s\u00e9g\u00e9r\u0151l<\/h5>\t\t\t\t\t\t\t\t<\/div>\n\t\t\t\t<\/div>\n\t\t\t\t<div class=\"elementor-element elementor-element-5e29866 elementor-widget elementor-widget-text-editor\" data-id=\"5e29866\" data-element_type=\"widget\" data-e-type=\"widget\" data-widget_type=\"text-editor.default\">\n\t\t\t\t<div class=\"elementor-widget-container\">\n\t\t\t\t\t\t\t\t\t<p>Alap\u00e9rtelmez\u00e9s szerint az EESZT rendszer\u00e9ben a kezel\u0151orvosok sz\u00e9les k\u00f6rben hozz\u00e1f\u00e9rhetnek az adatokhoz, azonban kiv\u00e9telek \u00e9rv\u00e9nyes\u00fclnek bizonyos \u00e9rz\u00e9keny adatok, p\u00e9ld\u00e1ul a pszichi\u00e1triai \u00e9s addiktol\u00f3giai ell\u00e1t\u00e1ssal kapcsolatos inform\u00e1ci\u00f3k eset\u00e9ben. Ezeket az inform\u00e1ci\u00f3kat kiz\u00e1r\u00f3lag az adott betegs\u00e9get kezel\u0151 orvosok tekinthetik meg \u00e9s kezelhetik, biztos\u00edtva ezzel a p\u00e1ciensek mag\u00e1n\u00e9let\u00e9nek v\u00e9delm\u00e9t.<\/p>\t\t\t\t\t\t\t\t<\/div>\n\t\t\t\t<\/div>\n\t\t\t\t<div class=\"elementor-element elementor-element-a819b7b elementor-widget elementor-widget-button\" data-id=\"a819b7b\" data-element_type=\"widget\" data-e-type=\"widget\" data-widget_type=\"button.default\">\n\t\t\t\t<div class=\"elementor-widget-container\">\n\t\t\t\t\t        <div class=\"elementor-button-wrapper elementor-button-primary\">\n            <a href=\"https:\/\/kidlife.hu\/english\/eeszt-belepes\/\" class=\"elementor-button-link elementor-button elementor-size-md\" role=\"button\">\n                \t\t<span class=\"elementor-button-content-wrapper\">\n\t\t\t\t\t\t<span class=\"elementor-button-icon\">\n\t\t\t\t\t\t\t\t\t<i class=\"opal-icon-arrow-right\" aria-hidden=\"true\"><\/i>\n\t\t\t\t\t\t\t<\/span>\n\t\t\t\t\t\t\t\t\t<span class=\"elementor-button-text\">R\u00e9szletes le\u00edr\u00e1s az EESZT-be t\u00f6rt\u00e9n\u0151 k\u00f6telez\u0151 adatfelt\u00f6lt\u00e9sr\u0151l<\/span>\n\t\t\t\t\t<\/span>\n\t\t            <\/a>\n        <\/div>\n        \t\t\t\t<\/div>\n\t\t\t\t<\/div>\n\t\t\t\t\t<\/div>\n\t\t<\/div>\n\t\t\t\t\t<\/div>\n\t\t<\/section>\n\t\t\t\t\t<\/div>\n\t\t<\/div>\n\t\t\t\t\t<\/div>\n\t\t<\/section>\n\t\t\t\t<\/div>","protected":false},"excerpt":{"rendered":"<p>Seg\u00e9dlet sz\u00fcl\u0151knek Bel\u00e9p\u00e9s az EESZT-be 1. Bejelentkez\u00e9s az EESZT Lakoss\u00e1gi Port\u00e1lra Nyissa meg az EESZT Lakoss\u00e1gi Port\u00e1l weboldal\u00e1t: LINK Kattintson a &#8220;Bejelentkez\u00e9s&#8221; gombra. Jelentkezzen be az \u00dcgyf\u00e9lkapu azonos\u00edt\u00f3j\u00e1val (ehhez sz\u00fcks\u00e9ge lesz a felhaszn\u00e1l\u00f3nev\u00e9re \u00e9s jelszav\u00e1ra). 2. Gyermeke adatainak megtekint\u00e9se A bejelentkez\u00e9s ut\u00e1n v\u00e1lassza ki a &#8220;Hozz\u00e1tartoz\u00f3i hozz\u00e1f\u00e9r\u00e9s&#8221; men\u00fcpontot. Ha gyermeke m\u00e1r hozz\u00e1 van rendelve \u00d6nh\u00f6z &hellip; <\/p>\n<p class=\"link-more\"><a href=\"https:\/\/kidlife.hu\/english\/eeszt-belepes\/\" class=\"more-link\">Read More <span class=\"screen-reader-text\"> &#8220;Bel\u00e9p\u00e9s az EESZT-be&#8221;<\/span><span class=\"opal-icon opal-icon-arrow-alt-circle-right\"><\/span><\/a><\/p>","protected":false},"author":13,"featured_media":20203,"parent":0,"menu_order":0,"comment_status":"closed","ping_status":"closed","template":"page-elementor.php","meta":{"footnotes":""},"class_list":["post-24284","page","type-page","status-publish","has-post-thumbnail","hentry"],"_elementor_template_sub_type":null,"_elementor_conditions":null,"_yoast_wpseo_primary_category":null,"_oembed_d944eacaa867b166ee36e1263fcdc055":null,"yoast_head":"<!-- This site is optimized with the Yoast SEO plugin v27.1.1 - https:\/\/yoast.com\/product\/yoast-seo-wordpress\/ -->\n<title>Bel\u00e9p\u00e9s az EESZT-be - KidLife<\/title>\n<meta name=\"description\" content=\"Gyakorlati \u00fatmutat\u00f3 sz\u00fcl\u0151knek az EESZT-be t\u00f6rt\u00e9n\u0151 bel\u00e9p\u00e9shez \u00e9s gyermeke eg\u00e9szs\u00e9g\u00fcgyi adatainak megtekint\u00e9s\u00e9hez az EESZT Lakoss\u00e1gi Port\u00e1lon kereszt\u00fcl.\" \/>\n<meta name=\"robots\" content=\"index, follow, max-snippet:-1, max-image-preview:large, max-video-preview:-1\" \/>\n<link rel=\"canonical\" href=\"https:\/\/kidlife.hu\/english\/eeszt-belepes\/\" \/>\n<meta property=\"og:locale\" content=\"en_GB\" \/>\n<meta property=\"og:type\" content=\"article\" \/>\n<meta property=\"og:title\" content=\"Bel\u00e9p\u00e9s az EESZT-be\" \/>\n<meta property=\"og:description\" content=\"Gyakorlati \u00fatmutat\u00f3 sz\u00fcl\u0151knek az EESZT-be t\u00f6rt\u00e9n\u0151 bel\u00e9p\u00e9shez \u00e9s gyermeke eg\u00e9szs\u00e9g\u00fcgyi adatainak megtekint\u00e9s\u00e9hez az EESZT Lakoss\u00e1gi Port\u00e1lon kereszt\u00fcl.\" \/>\n<meta property=\"og:url\" content=\"https:\/\/kidlife.hu\/english\/eeszt-belepes\/\" \/>\n<meta property=\"og:site_name\" content=\"KidLife\" \/>\n<meta property=\"article:publisher\" content=\"https:\/\/www.facebook.com\/kidlifestudio\" \/>\n<meta property=\"article:modified_time\" content=\"2026-01-09T11:16:46+00:00\" \/>\n<meta property=\"og:image\" content=\"https:\/\/kidlife.hu\/wp-content\/uploads\/kidlife-fb-profile-02-1.jpg\" \/>\n\t<meta property=\"og:image:width\" content=\"1024\" \/>\n\t<meta property=\"og:image:height\" content=\"1024\" \/>\n\t<meta property=\"og:image:type\" content=\"image\/jpeg\" \/>\n<meta name=\"twitter:card\" content=\"summary_large_image\" \/>\n<meta name=\"twitter:label1\" content=\"Estimated reading time\" \/>\n\t<meta name=\"twitter:data1\" content=\"2 minutes\" \/>\n<script type=\"application\/ld+json\" class=\"yoast-schema-graph\">{\"@context\":\"https:\/\/schema.org\",\"@graph\":[{\"@type\":\"WebPage\",\"@id\":\"https:\/\/kidlife.hu\/eeszt-belepes\/\",\"url\":\"https:\/\/kidlife.hu\/eeszt-belepes\/\",\"name\":\"Bel\u00e9p\u00e9s az EESZT-be - KidLife\",\"isPartOf\":{\"@id\":\"https:\/\/kidlife.hu\/#website\"},\"primaryImageOfPage\":{\"@id\":\"https:\/\/kidlife.hu\/eeszt-belepes\/#primaryimage\"},\"image\":{\"@id\":\"https:\/\/kidlife.hu\/eeszt-belepes\/#primaryimage\"},\"thumbnailUrl\":\"https:\/\/kidlife.hu\/wp-content\/uploads\/kidlife-fb-profile-02-1.jpg\",\"datePublished\":\"2025-01-28T11:31:34+00:00\",\"dateModified\":\"2026-01-09T11:16:46+00:00\",\"description\":\"Gyakorlati \u00fatmutat\u00f3 sz\u00fcl\u0151knek az EESZT-be t\u00f6rt\u00e9n\u0151 bel\u00e9p\u00e9shez \u00e9s gyermeke eg\u00e9szs\u00e9g\u00fcgyi adatainak megtekint\u00e9s\u00e9hez az EESZT Lakoss\u00e1gi Port\u00e1lon kereszt\u00fcl.\",\"breadcrumb\":{\"@id\":\"https:\/\/kidlife.hu\/eeszt-belepes\/#breadcrumb\"},\"inLanguage\":\"en-GB\",\"potentialAction\":[{\"@type\":\"ReadAction\",\"target\":[\"https:\/\/kidlife.hu\/eeszt-belepes\/\"]}]},{\"@type\":\"ImageObject\",\"inLanguage\":\"en-GB\",\"@id\":\"https:\/\/kidlife.hu\/eeszt-belepes\/#primaryimage\",\"url\":\"https:\/\/kidlife.hu\/wp-content\/uploads\/kidlife-fb-profile-02-1.jpg\",\"contentUrl\":\"https:\/\/kidlife.hu\/wp-content\/uploads\/kidlife-fb-profile-02-1.jpg\",\"width\":1024,\"height\":1024},{\"@type\":\"BreadcrumbList\",\"@id\":\"https:\/\/kidlife.hu\/eeszt-belepes\/#breadcrumb\",\"itemListElement\":[{\"@type\":\"ListItem\",\"position\":1,\"name\":\"Kezd\u0151lap\",\"item\":\"https:\/\/kidlife.hu\/\"},{\"@type\":\"ListItem\",\"position\":2,\"name\":\"Bel\u00e9p\u00e9s az EESZT-be\"}]},{\"@type\":\"WebSite\",\"@id\":\"https:\/\/kidlife.hu\/#website\",\"url\":\"https:\/\/kidlife.hu\/\",\"name\":\"KidLife\",\"description\":\"Gyermekpszichol\u00f3gia \u00e9s fejleszt\u00e9s\",\"publisher\":{\"@id\":\"https:\/\/kidlife.hu\/#organization\"},\"potentialAction\":[{\"@type\":\"SearchAction\",\"target\":{\"@type\":\"EntryPoint\",\"urlTemplate\":\"https:\/\/kidlife.hu\/?s={search_term_string}\"},\"query-input\":{\"@type\":\"PropertyValueSpecification\",\"valueRequired\":true,\"valueName\":\"search_term_string\"}}],\"inLanguage\":\"en-GB\"},{\"@type\":\"Organization\",\"@id\":\"https:\/\/kidlife.hu\/#organization\",\"name\":\"KidLife\",\"url\":\"https:\/\/kidlife.hu\/\",\"logo\":{\"@type\":\"ImageObject\",\"inLanguage\":\"en-GB\",\"@id\":\"https:\/\/kidlife.hu\/#\/schema\/logo\/image\/\",\"url\":\"https:\/\/kidlife.hu\/wp-content\/uploads\/kidlife-fb-profile-02.png\",\"contentUrl\":\"https:\/\/kidlife.hu\/wp-content\/uploads\/kidlife-fb-profile-02.png\",\"width\":1024,\"height\":1024,\"caption\":\"KidLife\"},\"image\":{\"@id\":\"https:\/\/kidlife.hu\/#\/schema\/logo\/image\/\"},\"sameAs\":[\"https:\/\/www.facebook.com\/kidlifestudio\"]}]}<\/script>\n<!-- \/ Yoast SEO plugin. -->","yoast_head_json":{"title":"Bel\u00e9p\u00e9s az EESZT-be - KidLife","description":"Gyakorlati \u00fatmutat\u00f3 sz\u00fcl\u0151knek az EESZT-be t\u00f6rt\u00e9n\u0151 bel\u00e9p\u00e9shez \u00e9s gyermeke eg\u00e9szs\u00e9g\u00fcgyi adatainak megtekint\u00e9s\u00e9hez az EESZT Lakoss\u00e1gi Port\u00e1lon kereszt\u00fcl.","robots":{"index":"index","follow":"follow","max-snippet":"max-snippet:-1","max-image-preview":"max-image-preview:large","max-video-preview":"max-video-preview:-1"},"canonical":"https:\/\/kidlife.hu\/english\/eeszt-belepes\/","og_locale":"en_GB","og_type":"article","og_title":"Bel\u00e9p\u00e9s az EESZT-be","og_description":"Gyakorlati \u00fatmutat\u00f3 sz\u00fcl\u0151knek az EESZT-be t\u00f6rt\u00e9n\u0151 bel\u00e9p\u00e9shez \u00e9s gyermeke eg\u00e9szs\u00e9g\u00fcgyi adatainak megtekint\u00e9s\u00e9hez az EESZT Lakoss\u00e1gi Port\u00e1lon kereszt\u00fcl.","og_url":"https:\/\/kidlife.hu\/english\/eeszt-belepes\/","og_site_name":"KidLife","article_publisher":"https:\/\/www.facebook.com\/kidlifestudio","article_modified_time":"2026-01-09T11:16:46+00:00","og_image":[{"width":1024,"height":1024,"url":"https:\/\/kidlife.hu\/wp-content\/uploads\/kidlife-fb-profile-02-1.jpg","type":"image\/jpeg"}],"twitter_card":"summary_large_image","twitter_misc":{"Estimated reading time":"2 minutes"},"schema":{"@context":"https:\/\/schema.org","@graph":[{"@type":"WebPage","@id":"https:\/\/kidlife.hu\/eeszt-belepes\/","url":"https:\/\/kidlife.hu\/eeszt-belepes\/","name":"Bel\u00e9p\u00e9s az EESZT-be - KidLife","isPartOf":{"@id":"https:\/\/kidlife.hu\/#website"},"primaryImageOfPage":{"@id":"https:\/\/kidlife.hu\/eeszt-belepes\/#primaryimage"},"image":{"@id":"https:\/\/kidlife.hu\/eeszt-belepes\/#primaryimage"},"thumbnailUrl":"https:\/\/kidlife.hu\/wp-content\/uploads\/kidlife-fb-profile-02-1.jpg","datePublished":"2025-01-28T11:31:34+00:00","dateModified":"2026-01-09T11:16:46+00:00","description":"Gyakorlati \u00fatmutat\u00f3 sz\u00fcl\u0151knek az EESZT-be t\u00f6rt\u00e9n\u0151 bel\u00e9p\u00e9shez \u00e9s gyermeke eg\u00e9szs\u00e9g\u00fcgyi adatainak megtekint\u00e9s\u00e9hez az EESZT Lakoss\u00e1gi Port\u00e1lon kereszt\u00fcl.","breadcrumb":{"@id":"https:\/\/kidlife.hu\/eeszt-belepes\/#breadcrumb"},"inLanguage":"en-GB","potentialAction":[{"@type":"ReadAction","target":["https:\/\/kidlife.hu\/eeszt-belepes\/"]}]},{"@type":"ImageObject","inLanguage":"en-GB","@id":"https:\/\/kidlife.hu\/eeszt-belepes\/#primaryimage","url":"https:\/\/kidlife.hu\/wp-content\/uploads\/kidlife-fb-profile-02-1.jpg","contentUrl":"https:\/\/kidlife.hu\/wp-content\/uploads\/kidlife-fb-profile-02-1.jpg","width":1024,"height":1024},{"@type":"BreadcrumbList","@id":"https:\/\/kidlife.hu\/eeszt-belepes\/#breadcrumb","itemListElement":[{"@type":"ListItem","position":1,"name":"Kezd\u0151lap","item":"https:\/\/kidlife.hu\/"},{"@type":"ListItem","position":2,"name":"Bel\u00e9p\u00e9s az EESZT-be"}]},{"@type":"WebSite","@id":"https:\/\/kidlife.hu\/#website","url":"https:\/\/kidlife.hu\/","name":"KidLife","description":"Gyermekpszichol\u00f3gia \u00e9s fejleszt\u00e9s","publisher":{"@id":"https:\/\/kidlife.hu\/#organization"},"potentialAction":[{"@type":"SearchAction","target":{"@type":"EntryPoint","urlTemplate":"https:\/\/kidlife.hu\/?s={search_term_string}"},"query-input":{"@type":"PropertyValueSpecification","valueRequired":true,"valueName":"search_term_string"}}],"inLanguage":"en-GB"},{"@type":"Organization","@id":"https:\/\/kidlife.hu\/#organization","name":"KidLife","url":"https:\/\/kidlife.hu\/","logo":{"@type":"ImageObject","inLanguage":"en-GB","@id":"https:\/\/kidlife.hu\/#\/schema\/logo\/image\/","url":"https:\/\/kidlife.hu\/wp-content\/uploads\/kidlife-fb-profile-02.png","contentUrl":"https:\/\/kidlife.hu\/wp-content\/uploads\/kidlife-fb-profile-02.png","width":1024,"height":1024,"caption":"KidLife"},"image":{"@id":"https:\/\/kidlife.hu\/#\/schema\/logo\/image\/"},"sameAs":["https:\/\/www.facebook.com\/kidlifestudio"]}]}},"_links":{"self":[{"href":"https:\/\/kidlife.hu\/english\/wp-json\/wp\/v2\/pages\/24284","targetHints":{"allow":["GET"]}}],"collection":[{"href":"https:\/\/kidlife.hu\/english\/wp-json\/wp\/v2\/pages"}],"about":[{"href":"https:\/\/kidlife.hu\/english\/wp-json\/wp\/v2\/types\/page"}],"author":[{"embeddable":true,"href":"https:\/\/kidlife.hu\/english\/wp-json\/wp\/v2\/users\/13"}],"replies":[{"embeddable":true,"href":"https:\/\/kidlife.hu\/english\/wp-json\/wp\/v2\/comments?post=24284"}],"version-history":[{"count":11,"href":"https:\/\/kidlife.hu\/english\/wp-json\/wp\/v2\/pages\/24284\/revisions"}],"predecessor-version":[{"id":34917,"href":"https:\/\/kidlife.hu\/english\/wp-json\/wp\/v2\/pages\/24284\/revisions\/34917"}],"wp:featuredmedia":[{"embeddable":true,"href":"https:\/\/kidlife.hu\/english\/wp-json\/wp\/v2\/media\/20203"}],"wp:attachment":[{"href":"https:\/\/kidlife.hu\/english\/wp-json\/wp\/v2\/media?parent=24284"}],"curies":[{"name":"wp","href":"https:\/\/api.w.org\/{rel}","templated":true}]}}