{"id":4998,"date":"2021-09-06T21:14:36","date_gmt":"2021-09-06T19:14:36","guid":{"rendered":"https:\/\/kidlife.hu\/?page_id=4998"},"modified":"2025-07-05T21:24:02","modified_gmt":"2025-07-05T19:24:02","slug":"belepes","status":"publish","type":"page","link":"https:\/\/kidlife.hu\/english\/belepes\/","title":{"rendered":"Bel\u00e9p\u00e9s"},"content":{"rendered":"\t\t<div data-elementor-type=\"wp-page\" data-elementor-id=\"4998\" class=\"elementor elementor-4998\" data-elementor-post-type=\"page\">\n\t\t\t\t\t\t<section class=\"elementor-section elementor-top-section elementor-element elementor-element-61f99ce elementor-section-stretched elementor-section-content-middle elementor-section-boxed elementor-section-height-default elementor-section-height-default\" data-id=\"61f99ce\" data-element_type=\"section\" data-e-type=\"section\" data-settings=\"{&quot;background_background&quot;:&quot;classic&quot;,&quot;stretch_section&quot;:&quot;section-stretched&quot;}\">\n\t\t\t\t\t\t<div class=\"elementor-container elementor-column-gap-no\">\n\t\t\t\t\t<div class=\"elementor-column elementor-col-100 elementor-top-column elementor-element elementor-element-947d95a\" data-id=\"947d95a\" data-element_type=\"column\" data-e-type=\"column\">\n\t\t\t<div class=\"elementor-widget-wrap elementor-element-populated\">\n\t\t\t\t\t\t<div class=\"elementor-element elementor-element-e24cce2 elementor-widget elementor-widget-heading\" data-id=\"e24cce2\" data-element_type=\"widget\" data-e-type=\"widget\" data-widget_type=\"heading.default\">\n\t\t\t\t<div class=\"elementor-widget-container\">\n\t\t\t\t\t<div class=\"elementor-heading-wrapper\" ><span class=\"sub-title\">\u00dcgyfeleknek<\/span><div class=\"elementor-heading-wrapper-inner\"><h2 class=\"elementor-heading-title elementor-size-default\">KidLife sz\u00fcl\u0151i port\u00e1l<\/h2><\/div><\/div>\t\t\t\t<\/div>\n\t\t\t\t<\/div>\n\t\t\t\t<div class=\"elementor-element elementor-element-5a9cc37 elementor-widget elementor-widget-shortcode\" data-id=\"5a9cc37\" data-element_type=\"widget\" data-e-type=\"widget\" data-widget_type=\"shortcode.default\">\n\t\t\t\t<div class=\"elementor-widget-container\">\n\t\t\t\t\t\t\t<div class=\"elementor-shortcode\">\n<script>\nvar wpAmeliaTimeZones = [\"Africa\\\/Abidjan\",\"Africa\\\/Accra\",\"Africa\\\/Addis_Ababa\",\"Africa\\\/Algiers\",\"Africa\\\/Asmara\",\"Africa\\\/Bamako\",\"Africa\\\/Bangui\",\"Africa\\\/Banjul\",\"Africa\\\/Bissau\",\"Africa\\\/Blantyre\",\"Africa\\\/Brazzaville\",\"Africa\\\/Bujumbura\",\"Africa\\\/Cairo\",\"Africa\\\/Casablanca\",\"Africa\\\/Ceuta\",\"Africa\\\/Conakry\",\"Africa\\\/Dakar\",\"Africa\\\/Dar_es_Salaam\",\"Africa\\\/Djibouti\",\"Africa\\\/Douala\",\"Africa\\\/El_Aaiun\",\"Africa\\\/Freetown\",\"Africa\\\/Gaborone\",\"Africa\\\/Harare\",\"Africa\\\/Johannesburg\",\"Africa\\\/Juba\",\"Africa\\\/Kampala\",\"Africa\\\/Khartoum\",\"Africa\\\/Kigali\",\"Africa\\\/Kinshasa\",\"Africa\\\/Lagos\",\"Africa\\\/Libreville\",\"Africa\\\/Lome\",\"Africa\\\/Luanda\",\"Africa\\\/Lubumbashi\",\"Africa\\\/Lusaka\",\"Africa\\\/Malabo\",\"Africa\\\/Maputo\",\"Africa\\\/Maseru\",\"Africa\\\/Mbabane\",\"Africa\\\/Mogadishu\",\"Africa\\\/Monrovia\",\"Africa\\\/Nairobi\",\"Africa\\\/Ndjamena\",\"Africa\\\/Niamey\",\"Africa\\\/Nouakchott\",\"Africa\\\/Ouagadougou\",\"Africa\\\/Porto-Novo\",\"Africa\\\/Sao_Tome\",\"Africa\\\/Tripoli\",\"Africa\\\/Tunis\",\"Africa\\\/Windhoek\",\"America\\\/Adak\",\"America\\\/Anchorage\",\"America\\\/Anguilla\",\"America\\\/Antigua\",\"America\\\/Araguaina\",\"America\\\/Argentina\\\/Buenos_Aires\",\"America\\\/Argentina\\\/Catamarca\",\"America\\\/Argentina\\\/Cordoba\",\"America\\\/Argentina\\\/Jujuy\",\"America\\\/Argentina\\\/La_Rioja\",\"America\\\/Argentina\\\/Mendoza\",\"America\\\/Argentina\\\/Rio_Gallegos\",\"America\\\/Argentina\\\/Salta\",\"America\\\/Argentina\\\/San_Juan\",\"America\\\/Argentina\\\/San_Luis\",\"America\\\/Argentina\\\/Tucuman\",\"America\\\/Argentina\\\/Ushuaia\",\"America\\\/Aruba\",\"America\\\/Asuncion\",\"America\\\/Atikokan\",\"America\\\/Bahia\",\"America\\\/Bahia_Banderas\",\"America\\\/Barbados\",\"America\\\/Belem\",\"America\\\/Belize\",\"America\\\/Blanc-Sablon\",\"America\\\/Boa_Vista\",\"America\\\/Bogota\",\"America\\\/Boise\",\"America\\\/Cambridge_Bay\",\"America\\\/Campo_Grande\",\"America\\\/Cancun\",\"America\\\/Caracas\",\"America\\\/Cayenne\",\"America\\\/Cayman\",\"America\\\/Chicago\",\"America\\\/Chihuahua\",\"America\\\/Ciudad_Juarez\",\"America\\\/Costa_Rica\",\"America\\\/Coyhaique\",\"America\\\/Creston\",\"America\\\/Cuiaba\",\"America\\\/Curacao\",\"America\\\/Danmarkshavn\",\"America\\\/Dawson\",\"America\\\/Dawson_Creek\",\"America\\\/Denver\",\"America\\\/Detroit\",\"America\\\/Dominica\",\"America\\\/Edmonton\",\"America\\\/Eirunepe\",\"America\\\/El_Salvador\",\"America\\\/Fort_Nelson\",\"America\\\/Fortaleza\",\"America\\\/Glace_Bay\",\"America\\\/Goose_Bay\",\"America\\\/Grand_Turk\",\"America\\\/Grenada\",\"America\\\/Guadeloupe\",\"America\\\/Guatemala\",\"America\\\/Guayaquil\",\"America\\\/Guyana\",\"America\\\/Halifax\",\"America\\\/Havana\",\"America\\\/Hermosillo\",\"America\\\/Indiana\\\/Indianapolis\",\"America\\\/Indiana\\\/Knox\",\"America\\\/Indiana\\\/Marengo\",\"America\\\/Indiana\\\/Petersburg\",\"America\\\/Indiana\\\/Tell_City\",\"America\\\/Indiana\\\/Vevay\",\"America\\\/Indiana\\\/Vincennes\",\"America\\\/Indiana\\\/Winamac\",\"America\\\/Inuvik\",\"America\\\/Iqaluit\",\"America\\\/Jamaica\",\"America\\\/Juneau\",\"America\\\/Kentucky\\\/Louisville\",\"America\\\/Kentucky\\\/Monticello\",\"America\\\/Kralendijk\",\"America\\\/La_Paz\",\"America\\\/Lima\",\"America\\\/Los_Angeles\",\"America\\\/Lower_Princes\",\"America\\\/Maceio\",\"America\\\/Managua\",\"America\\\/Manaus\",\"America\\\/Marigot\",\"America\\\/Martinique\",\"America\\\/Matamoros\",\"America\\\/Mazatlan\",\"America\\\/Menominee\",\"America\\\/Merida\",\"America\\\/Metlakatla\",\"America\\\/Mexico_City\",\"America\\\/Miquelon\",\"America\\\/Moncton\",\"America\\\/Monterrey\",\"America\\\/Montevideo\",\"America\\\/Montserrat\",\"America\\\/Nassau\",\"America\\\/New_York\",\"America\\\/Nome\",\"America\\\/Noronha\",\"America\\\/North_Dakota\\\/Beulah\",\"America\\\/North_Dakota\\\/Center\",\"America\\\/North_Dakota\\\/New_Salem\",\"America\\\/Nuuk\",\"America\\\/Ojinaga\",\"America\\\/Panama\",\"America\\\/Paramaribo\",\"America\\\/Phoenix\",\"America\\\/Port-au-Prince\",\"America\\\/Port_of_Spain\",\"America\\\/Porto_Velho\",\"America\\\/Puerto_Rico\",\"America\\\/Punta_Arenas\",\"America\\\/Rankin_Inlet\",\"America\\\/Recife\",\"America\\\/Regina\",\"America\\\/Resolute\",\"America\\\/Rio_Branco\",\"America\\\/Santarem\",\"America\\\/Santiago\",\"America\\\/Santo_Domingo\",\"America\\\/Sao_Paulo\",\"America\\\/Scoresbysund\",\"America\\\/Sitka\",\"America\\\/St_Barthelemy\",\"America\\\/St_Johns\",\"America\\\/St_Kitts\",\"America\\\/St_Lucia\",\"America\\\/St_Thomas\",\"America\\\/St_Vincent\",\"America\\\/Swift_Current\",\"America\\\/Tegucigalpa\",\"America\\\/Thule\",\"America\\\/Tijuana\",\"America\\\/Toronto\",\"America\\\/Tortola\",\"America\\\/Vancouver\",\"America\\\/Whitehorse\",\"America\\\/Winnipeg\",\"America\\\/Yakutat\",\"Antarctica\\\/Casey\",\"Antarctica\\\/Davis\",\"Antarctica\\\/DumontDUrville\",\"Antarctica\\\/Macquarie\",\"Antarctica\\\/Mawson\",\"Antarctica\\\/McMurdo\",\"Antarctica\\\/Palmer\",\"Antarctica\\\/Rothera\",\"Antarctica\\\/Syowa\",\"Antarctica\\\/Troll\",\"Antarctica\\\/Vostok\",\"Arctic\\\/Longyearbyen\",\"Asia\\\/Aden\",\"Asia\\\/Almaty\",\"Asia\\\/Amman\",\"Asia\\\/Anadyr\",\"Asia\\\/Aqtau\",\"Asia\\\/Aqtobe\",\"Asia\\\/Ashgabat\",\"Asia\\\/Atyrau\",\"Asia\\\/Baghdad\",\"Asia\\\/Bahrain\",\"Asia\\\/Baku\",\"Asia\\\/Bangkok\",\"Asia\\\/Barnaul\",\"Asia\\\/Beirut\",\"Asia\\\/Bishkek\",\"Asia\\\/Brunei\",\"Asia\\\/Chita\",\"Asia\\\/Colombo\",\"Asia\\\/Damascus\",\"Asia\\\/Dhaka\",\"Asia\\\/Dili\",\"Asia\\\/Dubai\",\"Asia\\\/Dushanbe\",\"Asia\\\/Famagusta\",\"Asia\\\/Gaza\",\"Asia\\\/Hebron\",\"Asia\\\/Ho_Chi_Minh\",\"Asia\\\/Hong_Kong\",\"Asia\\\/Hovd\",\"Asia\\\/Irkutsk\",\"Asia\\\/Jakarta\",\"Asia\\\/Jayapura\",\"Asia\\\/Jerusalem\",\"Asia\\\/Kabul\",\"Asia\\\/Kamchatka\",\"Asia\\\/Karachi\",\"Asia\\\/Kathmandu\",\"Asia\\\/Khandyga\",\"Asia\\\/Kolkata\",\"Asia\\\/Krasnoyarsk\",\"Asia\\\/Kuala_Lumpur\",\"Asia\\\/Kuching\",\"Asia\\\/Kuwait\",\"Asia\\\/Macau\",\"Asia\\\/Magadan\",\"Asia\\\/Makassar\",\"Asia\\\/Manila\",\"Asia\\\/Muscat\",\"Asia\\\/Nicosia\",\"Asia\\\/Novokuznetsk\",\"Asia\\\/Novosibirsk\",\"Asia\\\/Omsk\",\"Asia\\\/Oral\",\"Asia\\\/Phnom_Penh\",\"Asia\\\/Pontianak\",\"Asia\\\/Pyongyang\",\"Asia\\\/Qatar\",\"Asia\\\/Qostanay\",\"Asia\\\/Qyzylorda\",\"Asia\\\/Riyadh\",\"Asia\\\/Sakhalin\",\"Asia\\\/Samarkand\",\"Asia\\\/Seoul\",\"Asia\\\/Shanghai\",\"Asia\\\/Singapore\",\"Asia\\\/Srednekolymsk\",\"Asia\\\/Taipei\",\"Asia\\\/Tashkent\",\"Asia\\\/Tbilisi\",\"Asia\\\/Tehran\",\"Asia\\\/Thimphu\",\"Asia\\\/Tokyo\",\"Asia\\\/Tomsk\",\"Asia\\\/Ulaanbaatar\",\"Asia\\\/Urumqi\",\"Asia\\\/Ust-Nera\",\"Asia\\\/Vientiane\",\"Asia\\\/Vladivostok\",\"Asia\\\/Yakutsk\",\"Asia\\\/Yangon\",\"Asia\\\/Yekaterinburg\",\"Asia\\\/Yerevan\",\"Atlantic\\\/Azores\",\"Atlantic\\\/Bermuda\",\"Atlantic\\\/Canary\",\"Atlantic\\\/Cape_Verde\",\"Atlantic\\\/Faroe\",\"Atlantic\\\/Madeira\",\"Atlantic\\\/Reykjavik\",\"Atlantic\\\/South_Georgia\",\"Atlantic\\\/St_Helena\",\"Atlantic\\\/Stanley\",\"Australia\\\/Adelaide\",\"Australia\\\/Brisbane\",\"Australia\\\/Broken_Hill\",\"Australia\\\/Darwin\",\"Australia\\\/Eucla\",\"Australia\\\/Hobart\",\"Australia\\\/Lindeman\",\"Australia\\\/Lord_Howe\",\"Australia\\\/Melbourne\",\"Australia\\\/Perth\",\"Australia\\\/Sydney\",\"Europe\\\/Amsterdam\",\"Europe\\\/Andorra\",\"Europe\\\/Astrakhan\",\"Europe\\\/Athens\",\"Europe\\\/Belgrade\",\"Europe\\\/Berlin\",\"Europe\\\/Bratislava\",\"Europe\\\/Brussels\",\"Europe\\\/Bucharest\",\"Europe\\\/Budapest\",\"Europe\\\/Busingen\",\"Europe\\\/Chisinau\",\"Europe\\\/Copenhagen\",\"Europe\\\/Dublin\",\"Europe\\\/Gibraltar\",\"Europe\\\/Guernsey\",\"Europe\\\/Helsinki\",\"Europe\\\/Isle_of_Man\",\"Europe\\\/Istanbul\",\"Europe\\\/Jersey\",\"Europe\\\/Kaliningrad\",\"Europe\\\/Kirov\",\"Europe\\\/Kyiv\",\"Europe\\\/Lisbon\",\"Europe\\\/Ljubljana\",\"Europe\\\/London\",\"Europe\\\/Luxembourg\",\"Europe\\\/Madrid\",\"Europe\\\/Malta\",\"Europe\\\/Mariehamn\",\"Europe\\\/Minsk\",\"Europe\\\/Monaco\",\"Europe\\\/Moscow\",\"Europe\\\/Oslo\",\"Europe\\\/Paris\",\"Europe\\\/Podgorica\",\"Europe\\\/Prague\",\"Europe\\\/Riga\",\"Europe\\\/Rome\",\"Europe\\\/Samara\",\"Europe\\\/San_Marino\",\"Europe\\\/Sarajevo\",\"Europe\\\/Saratov\",\"Europe\\\/Simferopol\",\"Europe\\\/Skopje\",\"Europe\\\/Sofia\",\"Europe\\\/Stockholm\",\"Europe\\\/Tallinn\",\"Europe\\\/Tirane\",\"Europe\\\/Ulyanovsk\",\"Europe\\\/Vaduz\",\"Europe\\\/Vatican\",\"Europe\\\/Vienna\",\"Europe\\\/Vilnius\",\"Europe\\\/Volgograd\",\"Europe\\\/Warsaw\",\"Europe\\\/Zagreb\",\"Europe\\\/Zurich\",\"Indian\\\/Antananarivo\",\"Indian\\\/Chagos\",\"Indian\\\/Christmas\",\"Indian\\\/Cocos\",\"Indian\\\/Comoro\",\"Indian\\\/Kerguelen\",\"Indian\\\/Mahe\",\"Indian\\\/Maldives\",\"Indian\\\/Mauritius\",\"Indian\\\/Mayotte\",\"Indian\\\/Reunion\",\"Pacific\\\/Apia\",\"Pacific\\\/Auckland\",\"Pacific\\\/Bougainville\",\"Pacific\\\/Chatham\",\"Pacific\\\/Chuuk\",\"Pacific\\\/Easter\",\"Pacific\\\/Efate\",\"Pacific\\\/Fakaofo\",\"Pacific\\\/Fiji\",\"Pacific\\\/Funafuti\",\"Pacific\\\/Galapagos\",\"Pacific\\\/Gambier\",\"Pacific\\\/Guadalcanal\",\"Pacific\\\/Guam\",\"Pacific\\\/Honolulu\",\"Pacific\\\/Kanton\",\"Pacific\\\/Kiritimati\",\"Pacific\\\/Kosrae\",\"Pacific\\\/Kwajalein\",\"Pacific\\\/Majuro\",\"Pacific\\\/Marquesas\",\"Pacific\\\/Midway\",\"Pacific\\\/Nauru\",\"Pacific\\\/Niue\",\"Pacific\\\/Norfolk\",\"Pacific\\\/Noumea\",\"Pacific\\\/Pago_Pago\",\"Pacific\\\/Palau\",\"Pacific\\\/Pitcairn\",\"Pacific\\\/Pohnpei\",\"Pacific\\\/Port_Moresby\",\"Pacific\\\/Rarotonga\",\"Pacific\\\/Saipan\",\"Pacific\\\/Tahiti\",\"Pacific\\\/Tarawa\",\"Pacific\\\/Tongatapu\",\"Pacific\\\/Wake\",\"Pacific\\\/Wallis\",\"UTC\"];  var bookingEntitiesIds = (typeof bookingEntitiesIds === 'undefined') ? [] : bookingEntitiesIds;\n  bookingEntitiesIds.push(\n    {\n      'hasApiCall': 1,\n      'trigger': '',\n      'counter': '1000',\n      'cabinetType': 'customer',\n      'appointments': '',\n      'events': '',\n    }\n  );\n<\/script>\n\n    <script>\n      var ameliaShortcodeData = (typeof ameliaShortcodeData === 'undefined') ? [] : ameliaShortcodeData;\n      ameliaShortcodeData = [...ameliaShortcodeData, ...bookingEntitiesIds];\n      var ameliaShortcodeDataTriggered = (typeof ameliaShortcodeDataTriggered === 'undefined') ? [] : ameliaShortcodeDataTriggered;\n      if (ameliaShortcodeData[ameliaShortcodeData.length - 1].trigger !== '') {\n        if (ameliaShortcodeDataTriggered.filter(a => a.counter === ameliaShortcodeData[ameliaShortcodeData.length - 1].counter).length === 0) {\n          ameliaShortcodeDataTriggered.push(ameliaShortcodeData.pop());\n        } else {\n          ameliaShortcodeData.pop()\n        }\n      }\n    <\/script>\n\n    <div\n        id=\"amelia-v2-booking-1000\"\n        class=\"amelia-v2-booking \"\n    >\n        <customer-panel-wrapper><\/customer-panel-wrapper>\n    <\/div>\n<\/div>\n\t\t\t\t\t\t<\/div>\n\t\t\t\t<\/div>\n\t\t\t\t\t<\/div>\n\t\t<\/div>\n\t\t\t\t\t<\/div>\n\t\t<\/section>\n\t\t<div class=\"parallax-layer elementor-repeater-item-3b76a52 parallax-layer-3b76a5261f99ce f-custom\" data-parallax=\"true\" data-rate=\"-10\"><svg xmlns=\"http:\/\/www.w3.org\/2000\/svg\" x=\"0\" y=\"0\" viewBox=\"0 0 168.92 167.95\" xml:space=\"preserve\" width=\"168.92\" height=\"167.95\"><title>circle_2<\/title><g class=\"nc-icon-wrapper\"><path d=\"M84.38 14.74c24.07 0 46.11 12.06 58.95 32.27 9.93 15.63 13.15 34.18 9.05 52.22s-15.01 33.41-30.74 43.28c-11.16 7.01-23.99 10.71-37.1 10.71-24.08 0-46.11-12.06-58.95-32.27-9.93-15.63-13.15-34.18-9.05-52.22s15.01-33.41 30.74-43.28a69.627 69.627 0 0 1 37.1-10.71m0-14.74C68.96 0 53.36 4.19 39.36 12.99-.07 37.75-11.85 89.61 13.06 128.82c16.07 25.29 43.47 39.14 71.48 39.14 15.42 0 31.02-4.19 45.02-12.99 39.43-24.76 51.21-76.62 26.3-115.83C139.79 13.85 112.39 0 84.38 0z\"><\/path><\/g><\/svg><\/div><div class=\"parallax-layer elementor-repeater-item-a6e3cb0 parallax-layer-a6e3cb061f99ce f-custom\" data-parallax=\"true\" data-rate=\"15\"><svg xmlns=\"http:\/\/www.w3.org\/2000\/svg\" x=\"0\" y=\"0\" viewBox=\"0 0 196 193\" xml:space=\"preserve\" width=\"196\" height=\"193\"><title>circle_1<\/title><g class=\"nc-icon-wrapper\"><path d=\"M97.92 28c23.85 0 45.68 11.85 58.4 31.69 9.84 15.35 13.02 33.57 8.97 51.28-4.06 17.72-14.87 32.81-30.45 42.51A69.488 69.488 0 0 1 98.08 164c-23.85 0-45.68-11.85-58.4-31.69-9.84-15.36-13.02-33.57-8.97-51.28 4.06-17.72 14.87-32.81 30.45-42.51A69.424 69.424 0 0 1 97.92 28m-.01-28c-17.89 0-36 4.82-52.24 14.92-45.75 28.46-59.42 88.05-30.52 133.1C33.79 177.09 65.59 193 98.09 193c17.89 0 35.99-4.82 52.23-14.92 45.75-28.46 59.42-88.05 30.52-133.1C162.2 15.91 130.41 0 97.91 0z\"><\/path><\/g><\/svg><\/div><div class=\"parallax-layer elementor-repeater-item-59c2dfd parallax-layer-59c2dfd61f99ce f-custom\" data-parallax=\"true\" data-rate=\"-20\"><svg xmlns=\"http:\/\/www.w3.org\/2000\/svg\" x=\"0\" y=\"0\" viewBox=\"0 0 168.92 167.95\" xml:space=\"preserve\" width=\"168.92\" height=\"167.95\"><title>circle_2<\/title><g class=\"nc-icon-wrapper\"><path d=\"M84.38 14.74c24.07 0 46.11 12.06 58.95 32.27 9.93 15.63 13.15 34.18 9.05 52.22s-15.01 33.41-30.74 43.28c-11.16 7.01-23.99 10.71-37.1 10.71-24.08 0-46.11-12.06-58.95-32.27-9.93-15.63-13.15-34.18-9.05-52.22s15.01-33.41 30.74-43.28a69.627 69.627 0 0 1 37.1-10.71m0-14.74C68.96 0 53.36 4.19 39.36 12.99-.07 37.75-11.85 89.61 13.06 128.82c16.07 25.29 43.47 39.14 71.48 39.14 15.42 0 31.02-4.19 45.02-12.99 39.43-24.76 51.21-76.62 26.3-115.83C139.79 13.85 112.39 0 84.38 0z\"><\/path><\/g><\/svg><\/div><div class=\"parallax-layer elementor-repeater-item-61f2347 parallax-layer-61f234761f99ce f-custom\" data-parallax=\"true\" data-rate=\"20\"><svg xmlns=\"http:\/\/www.w3.org\/2000\/svg\" x=\"0\" y=\"0\" viewBox=\"0 0 168.92 167.95\" xml:space=\"preserve\" width=\"168.92\" height=\"167.95\"><title>circle_2<\/title><g class=\"nc-icon-wrapper\"><path d=\"M84.38 14.74c24.07 0 46.11 12.06 58.95 32.27 9.93 15.63 13.15 34.18 9.05 52.22s-15.01 33.41-30.74 43.28c-11.16 7.01-23.99 10.71-37.1 10.71-24.08 0-46.11-12.06-58.95-32.27-9.93-15.63-13.15-34.18-9.05-52.22s15.01-33.41 30.74-43.28a69.627 69.627 0 0 1 37.1-10.71m0-14.74C68.96 0 53.36 4.19 39.36 12.99-.07 37.75-11.85 89.61 13.06 128.82c16.07 25.29 43.47 39.14 71.48 39.14 15.42 0 31.02-4.19 45.02-12.99 39.43-24.76 51.21-76.62 26.3-115.83C139.79 13.85 112.39 0 84.38 0z\"><\/path><\/g><\/svg><\/div><div class=\"parallax-layer elementor-repeater-item-3a4d804 parallax-layer-3a4d80461f99ce f-custom\" data-parallax=\"true\" data-rate=\"20\"><svg xmlns=\"http:\/\/www.w3.org\/2000\/svg\" viewBox=\"0 0 512 512\"><path d=\"M256 8C119 8 8 119 8 256s111 248 248 248 248-111 248-248S393 8 256 8z\"><\/path><\/svg><\/div>            <script type=\"text\/javascript\">\n                (function ($) {\n                    \"use strict\";\n\n                    \n                    $(' .parallax-layer-3b76a5261f99ce').prependTo($('.elementor-element-61f99ce')).css({\n                        'z-index': 0,\n                        'left': 70 +'%',\n                        'top': 34 +'%'\n                    });\n\n                    \n                    $(' .parallax-layer-a6e3cb061f99ce').prependTo($('.elementor-element-61f99ce')).css({\n                        'z-index': 1,\n                        'left': 25 +'%',\n                        'top': 18 +'%'\n                    });\n\n                    \n                    $(' .parallax-layer-59c2dfd61f99ce').prependTo($('.elementor-element-61f99ce')).css({\n                        'z-index': 1,\n                        'left': 38 +'%',\n                        'top': 14 +'%'\n                    });\n\n                    \n                    $(' .parallax-layer-61f234761f99ce').prependTo($('.elementor-element-61f99ce')).css({\n                        'z-index': 1,\n                        'left': 55 +'%',\n                        'top': 25 +'%'\n                    });\n\n                    \n                    $(' .parallax-layer-3a4d80461f99ce').prependTo($('.elementor-element-61f99ce')).css({\n                        'z-index': 1,\n                        'left': 65 +'%',\n                        'top': 8 +'%'\n                    });\n\n                                        if ($(window).outerWidth() > 768 ) {\n                        $('.elementor-element-61f99ce').mousemove(function (e) {\n                            $(this).find('.parallax-layer[data-parallax=\"true\"]').each(function (index, element) {\n                                $(this).jsparallax($(this).data('rate'), e);\n                            });\n                        });\n                    }\n                }(jQuery));\n            <\/script>\n            \t\t<\/div>\n\t\t","protected":false},"excerpt":{"rendered":"<p>\u00dcgyfeleknek KidLife sz\u00fcl\u0151i port\u00e1l<\/p>","protected":false},"author":13,"featured_media":0,"parent":0,"menu_order":0,"comment_status":"closed","ping_status":"closed","template":"page-elementor.php","meta":{"footnotes":""},"class_list":["post-4998","page","type-page","status-publish","hentry"],"_elementor_template_sub_type":null,"_elementor_conditions":null,"_yoast_wpseo_primary_category":null,"_oembed_d944eacaa867b166ee36e1263fcdc055":null,"yoast_head":"<!-- This site is optimized with the Yoast SEO plugin v27.3 - https:\/\/yoast.com\/product\/yoast-seo-wordpress\/ -->\n<title>Bel\u00e9p\u00e9s - KidLife<\/title>\n<meta name=\"robots\" content=\"index, follow, max-snippet:-1, max-image-preview:large, max-video-preview:-1\" \/>\n<link rel=\"canonical\" href=\"https:\/\/kidlife.hu\/english\/belepes\/\" \/>\n<meta property=\"og:locale\" content=\"en_GB\" \/>\n<meta property=\"og:type\" content=\"article\" \/>\n<meta property=\"og:title\" content=\"Bel\u00e9p\u00e9s - KidLife\" \/>\n<meta property=\"og:description\" content=\"\u00dcgyfeleknek KidLife sz\u00fcl\u0151i port\u00e1l\" \/>\n<meta property=\"og:url\" content=\"https:\/\/kidlife.hu\/english\/belepes\/\" \/>\n<meta property=\"og:site_name\" content=\"KidLife\" \/>\n<meta property=\"article:publisher\" content=\"https:\/\/www.facebook.com\/kidlifestudio\" \/>\n<meta property=\"article:modified_time\" content=\"2025-07-05T19:24:02+00:00\" \/>\n<meta name=\"twitter:card\" content=\"summary_large_image\" \/>\n<meta name=\"twitter:label1\" content=\"Estimated reading time\" \/>\n\t<meta name=\"twitter:data1\" content=\"1 minute\" \/>\n<script type=\"application\/ld+json\" class=\"yoast-schema-graph\">{\"@context\":\"https:\\\/\\\/schema.org\",\"@graph\":[{\"@type\":\"WebPage\",\"@id\":\"https:\\\/\\\/kidlife.hu\\\/belepes\\\/\",\"url\":\"https:\\\/\\\/kidlife.hu\\\/belepes\\\/\",\"name\":\"Bel\u00e9p\u00e9s - KidLife\",\"isPartOf\":{\"@id\":\"https:\\\/\\\/kidlife.hu\\\/#website\"},\"datePublished\":\"2021-09-06T19:14:36+00:00\",\"dateModified\":\"2025-07-05T19:24:02+00:00\",\"breadcrumb\":{\"@id\":\"https:\\\/\\\/kidlife.hu\\\/belepes\\\/#breadcrumb\"},\"inLanguage\":\"en-GB\",\"potentialAction\":[{\"@type\":\"ReadAction\",\"target\":[\"https:\\\/\\\/kidlife.hu\\\/belepes\\\/\"]}]},{\"@type\":\"BreadcrumbList\",\"@id\":\"https:\\\/\\\/kidlife.hu\\\/belepes\\\/#breadcrumb\",\"itemListElement\":[{\"@type\":\"ListItem\",\"position\":1,\"name\":\"Kezd\u0151lap\",\"item\":\"https:\\\/\\\/kidlife.hu\\\/\"},{\"@type\":\"ListItem\",\"position\":2,\"name\":\"Bel\u00e9p\u00e9s\"}]},{\"@type\":\"WebSite\",\"@id\":\"https:\\\/\\\/kidlife.hu\\\/#website\",\"url\":\"https:\\\/\\\/kidlife.hu\\\/\",\"name\":\"KidLife\",\"description\":\"Gyermekpszichol\u00f3gia \u00e9s fejleszt\u00e9s\",\"publisher\":{\"@id\":\"https:\\\/\\\/kidlife.hu\\\/#organization\"},\"potentialAction\":[{\"@type\":\"SearchAction\",\"target\":{\"@type\":\"EntryPoint\",\"urlTemplate\":\"https:\\\/\\\/kidlife.hu\\\/?s={search_term_string}\"},\"query-input\":{\"@type\":\"PropertyValueSpecification\",\"valueRequired\":true,\"valueName\":\"search_term_string\"}}],\"inLanguage\":\"en-GB\"},{\"@type\":\"Organization\",\"@id\":\"https:\\\/\\\/kidlife.hu\\\/#organization\",\"name\":\"KidLife\",\"url\":\"https:\\\/\\\/kidlife.hu\\\/\",\"logo\":{\"@type\":\"ImageObject\",\"inLanguage\":\"en-GB\",\"@id\":\"https:\\\/\\\/kidlife.hu\\\/#\\\/schema\\\/logo\\\/image\\\/\",\"url\":\"https:\\\/\\\/kidlife.hu\\\/wp-content\\\/uploads\\\/kidlife-fb-profile-02.png\",\"contentUrl\":\"https:\\\/\\\/kidlife.hu\\\/wp-content\\\/uploads\\\/kidlife-fb-profile-02.png\",\"width\":1024,\"height\":1024,\"caption\":\"KidLife\"},\"image\":{\"@id\":\"https:\\\/\\\/kidlife.hu\\\/#\\\/schema\\\/logo\\\/image\\\/\"},\"sameAs\":[\"https:\\\/\\\/www.facebook.com\\\/kidlifestudio\"]}]}<\/script>\n<!-- \/ Yoast SEO plugin. -->","yoast_head_json":{"title":"Bel\u00e9p\u00e9s - KidLife","robots":{"index":"index","follow":"follow","max-snippet":"max-snippet:-1","max-image-preview":"max-image-preview:large","max-video-preview":"max-video-preview:-1"},"canonical":"https:\/\/kidlife.hu\/english\/belepes\/","og_locale":"en_GB","og_type":"article","og_title":"Bel\u00e9p\u00e9s - KidLife","og_description":"\u00dcgyfeleknek KidLife sz\u00fcl\u0151i port\u00e1l","og_url":"https:\/\/kidlife.hu\/english\/belepes\/","og_site_name":"KidLife","article_publisher":"https:\/\/www.facebook.com\/kidlifestudio","article_modified_time":"2025-07-05T19:24:02+00:00","twitter_card":"summary_large_image","twitter_misc":{"Estimated reading time":"1 minute"},"schema":{"@context":"https:\/\/schema.org","@graph":[{"@type":"WebPage","@id":"https:\/\/kidlife.hu\/belepes\/","url":"https:\/\/kidlife.hu\/belepes\/","name":"Bel\u00e9p\u00e9s - KidLife","isPartOf":{"@id":"https:\/\/kidlife.hu\/#website"},"datePublished":"2021-09-06T19:14:36+00:00","dateModified":"2025-07-05T19:24:02+00:00","breadcrumb":{"@id":"https:\/\/kidlife.hu\/belepes\/#breadcrumb"},"inLanguage":"en-GB","potentialAction":[{"@type":"ReadAction","target":["https:\/\/kidlife.hu\/belepes\/"]}]},{"@type":"BreadcrumbList","@id":"https:\/\/kidlife.hu\/belepes\/#breadcrumb","itemListElement":[{"@type":"ListItem","position":1,"name":"Kezd\u0151lap","item":"https:\/\/kidlife.hu\/"},{"@type":"ListItem","position":2,"name":"Bel\u00e9p\u00e9s"}]},{"@type":"WebSite","@id":"https:\/\/kidlife.hu\/#website","url":"https:\/\/kidlife.hu\/","name":"KidLife","description":"Gyermekpszichol\u00f3gia \u00e9s fejleszt\u00e9s","publisher":{"@id":"https:\/\/kidlife.hu\/#organization"},"potentialAction":[{"@type":"SearchAction","target":{"@type":"EntryPoint","urlTemplate":"https:\/\/kidlife.hu\/?s={search_term_string}"},"query-input":{"@type":"PropertyValueSpecification","valueRequired":true,"valueName":"search_term_string"}}],"inLanguage":"en-GB"},{"@type":"Organization","@id":"https:\/\/kidlife.hu\/#organization","name":"KidLife","url":"https:\/\/kidlife.hu\/","logo":{"@type":"ImageObject","inLanguage":"en-GB","@id":"https:\/\/kidlife.hu\/#\/schema\/logo\/image\/","url":"https:\/\/kidlife.hu\/wp-content\/uploads\/kidlife-fb-profile-02.png","contentUrl":"https:\/\/kidlife.hu\/wp-content\/uploads\/kidlife-fb-profile-02.png","width":1024,"height":1024,"caption":"KidLife"},"image":{"@id":"https:\/\/kidlife.hu\/#\/schema\/logo\/image\/"},"sameAs":["https:\/\/www.facebook.com\/kidlifestudio"]}]}},"_links":{"self":[{"href":"https:\/\/kidlife.hu\/english\/wp-json\/wp\/v2\/pages\/4998","targetHints":{"allow":["GET"]}}],"collection":[{"href":"https:\/\/kidlife.hu\/english\/wp-json\/wp\/v2\/pages"}],"about":[{"href":"https:\/\/kidlife.hu\/english\/wp-json\/wp\/v2\/types\/page"}],"author":[{"embeddable":true,"href":"https:\/\/kidlife.hu\/english\/wp-json\/wp\/v2\/users\/13"}],"replies":[{"embeddable":true,"href":"https:\/\/kidlife.hu\/english\/wp-json\/wp\/v2\/comments?post=4998"}],"version-history":[{"count":12,"href":"https:\/\/kidlife.hu\/english\/wp-json\/wp\/v2\/pages\/4998\/revisions"}],"predecessor-version":[{"id":29569,"href":"https:\/\/kidlife.hu\/english\/wp-json\/wp\/v2\/pages\/4998\/revisions\/29569"}],"wp:attachment":[{"href":"https:\/\/kidlife.hu\/english\/wp-json\/wp\/v2\/media?parent=4998"}],"curies":[{"name":"wp","href":"https:\/\/api.w.org\/{rel}","templated":true}]}}