{"id":5398,"date":"2021-12-01T22:04:08","date_gmt":"2021-12-01T21:04:08","guid":{"rendered":"https:\/\/kidlife.hu\/?page_id=5398"},"modified":"2022-08-12T22:32:22","modified_gmt":"2022-08-12T20:32:22","slug":"idopontfoglalas-mozgasfelmeres-50","status":"publish","type":"page","link":"https:\/\/kidlife.hu\/english\/idopontfoglalas\/idopontfoglalas-mozgas\/idopontfoglalas-mozgasfelmeres-50\/","title":{"rendered":"Id\u0151pontfoglal\u00e1s &#8211; Mozg\u00e1sfelm\u00e9r\u00e9s 50"},"content":{"rendered":"\t\t<div data-elementor-type=\"wp-page\" data-elementor-id=\"5398\" class=\"elementor elementor-5398\" data-elementor-post-type=\"page\">\n\t\t\t\t\t\t<section class=\"elementor-section elementor-top-section elementor-element elementor-element-61f99ce elementor-section-stretched elementor-section-content-middle elementor-section-boxed elementor-section-height-default elementor-section-height-default\" data-id=\"61f99ce\" data-element_type=\"section\" data-e-type=\"section\" data-settings=\"{&quot;background_background&quot;:&quot;classic&quot;,&quot;stretch_section&quot;:&quot;section-stretched&quot;}\">\n\t\t\t\t\t\t<div class=\"elementor-container elementor-column-gap-no\">\n\t\t\t\t\t<div class=\"elementor-column elementor-col-100 elementor-top-column elementor-element elementor-element-947d95a\" data-id=\"947d95a\" data-element_type=\"column\" data-e-type=\"column\">\n\t\t\t<div class=\"elementor-widget-wrap elementor-element-populated\">\n\t\t\t\t\t\t<div class=\"elementor-element elementor-element-e24cce2 elementor-widget elementor-widget-heading\" data-id=\"e24cce2\" data-element_type=\"widget\" data-e-type=\"widget\" data-widget_type=\"heading.default\">\n\t\t\t\t<div class=\"elementor-widget-container\">\n\t\t\t\t\t<div class=\"elementor-heading-wrapper\" ><span class=\"sub-title\">Azonnali visszajelz\u00e9ssel<\/span><div class=\"elementor-heading-wrapper-inner\"><h2 class=\"elementor-heading-title elementor-size-default\">Id\u0151pontfoglal\u00e1s<\/h2><\/div><\/div>\t\t\t\t<\/div>\n\t\t\t\t<\/div>\n\t\t\t\t<div class=\"elementor-element elementor-element-9a4e3a8 elementor-widget elementor-widget-heading\" data-id=\"9a4e3a8\" data-element_type=\"widget\" data-e-type=\"widget\" data-widget_type=\"heading.default\">\n\t\t\t\t<div class=\"elementor-widget-container\">\n\t\t\t\t\t<div class=\"elementor-heading-wrapper\" ><div class=\"elementor-heading-wrapper-inner\"><h5 class=\"elementor-heading-title elementor-size-default\">Mozg\u00e1sfelm\u00e9r\u00e9s 50 perc<\/h5><\/div><\/div>\t\t\t\t<\/div>\n\t\t\t\t<\/div>\n\t\t\t\t<div class=\"elementor-element elementor-element-5a9cc37 elementor-widget elementor-widget-shortcode\" data-id=\"5a9cc37\" data-element_type=\"widget\" data-e-type=\"widget\" data-no-translation=\"\" data-widget_type=\"shortcode.default\">\n\t\t\t\t<div class=\"elementor-widget-container\">\n\t\t\t\t\t<style>.elementor-element-5a9cc37{display:none !important}<\/style>\t\t\t\t<\/div>\n\t\t\t\t<\/div>\n\t\t\t\t<div class=\"elementor-element elementor-element-c13c1c9 elementor-widget elementor-widget-shortcode\" data-id=\"c13c1c9\" data-element_type=\"widget\" data-e-type=\"widget\" data-no-translation=\"\" data-widget_type=\"shortcode.default\">\n\t\t\t\t<div class=\"elementor-widget-container\">\n\t\t\t\t\t\t\t<div class=\"elementor-shortcode\">\n<script>\n  if (typeof hasAmeliaAppointment === 'undefined') {\n    var hasAmeliaAppointment = true;\n  }\n  if (typeof hasAppointmentApiCall === 'undefined' && '' === '') {\n    var hasAppointmentApiCall = true;\n  }\n  var hasBookingShortcode = (typeof hasBookingShortcode === 'undefined') ? false : true;\n  var bookingEntitiesIds = (typeof bookingEntitiesIds === 'undefined') ? [] : bookingEntitiesIds;\n  bookingEntitiesIds.push(\n    {\n      'hasApiCall': (typeof hasAppointmentApiCall !== 'undefined') && hasAppointmentApiCall,\n      'trigger': '',\n      'show': '',\n      'counter': '1',\n      'category': '',\n      'service': '93',\n      'employee': '',\n      'location': ''\n    }\n  );\n  var lazyBookingEntitiesIds = (typeof lazyBookingEntitiesIds === 'undefined') ? [] : lazyBookingEntitiesIds;\n  if (bookingEntitiesIds[bookingEntitiesIds.length - 1].trigger !== '') {\n    lazyBookingEntitiesIds.push(bookingEntitiesIds.pop());\n  }\n  if (typeof hasAppointmentApiCall !== 'undefined' && hasAppointmentApiCall) {\n    hasAppointmentApiCall = false;\n  }\n<\/script>\n\n<div id=\"amelia-app-booking1\" class=\"amelia-booking amelia-frontend amelia-app-booking\">\n  <booking id=\"amelia-step-booking1\"><\/booking>\n<\/div>\n<\/div>\n\t\t\t\t\t\t<\/div>\n\t\t\t\t<\/div>\n\t\t\t\t<div class=\"elementor-element elementor-element-6446434 elementor-widget elementor-widget-text-editor\" data-id=\"6446434\" data-element_type=\"widget\" data-e-type=\"widget\" data-widget_type=\"text-editor.default\">\n\t\t\t\t<div class=\"elementor-widget-container\">\n\t\t\t\t\t\t\t\t\t<p><a href=\"https:\/\/kidlife.hu\/altalanos-szerzodesi-feltetelek\/\">\u00c1ltal\u00e1nos Szerz\u0151d\u00e9si Felt\u00e9telek<\/a><\/p>\t\t\t\t\t\t\t\t<\/div>\n\t\t\t\t<\/div>\n\t\t\t\t\t<\/div>\n\t\t<\/div>\n\t\t\t\t\t<\/div>\n\t\t<\/section>\n\t\t<div class=\"parallax-layer elementor-repeater-item-3b76a52 parallax-layer-3b76a5261f99ce f-custom\" data-parallax=\"true\" data-rate=\"-10\"><svg xmlns=\"http:\/\/www.w3.org\/2000\/svg\" x=\"0\" y=\"0\" viewBox=\"0 0 168.92 167.95\" xml:space=\"preserve\" width=\"168.92\" height=\"167.95\"><title>circle_2<\/title><g class=\"nc-icon-wrapper\"><path d=\"M84.38 14.74c24.07 0 46.11 12.06 58.95 32.27 9.93 15.63 13.15 34.18 9.05 52.22s-15.01 33.41-30.74 43.28c-11.16 7.01-23.99 10.71-37.1 10.71-24.08 0-46.11-12.06-58.95-32.27-9.93-15.63-13.15-34.18-9.05-52.22s15.01-33.41 30.74-43.28a69.627 69.627 0 0 1 37.1-10.71m0-14.74C68.96 0 53.36 4.19 39.36 12.99-.07 37.75-11.85 89.61 13.06 128.82c16.07 25.29 43.47 39.14 71.48 39.14 15.42 0 31.02-4.19 45.02-12.99 39.43-24.76 51.21-76.62 26.3-115.83C139.79 13.85 112.39 0 84.38 0z\"><\/path><\/g><\/svg><\/div><div class=\"parallax-layer elementor-repeater-item-a6e3cb0 parallax-layer-a6e3cb061f99ce f-custom\" data-parallax=\"true\" data-rate=\"15\"><svg xmlns=\"http:\/\/www.w3.org\/2000\/svg\" x=\"0\" y=\"0\" viewBox=\"0 0 196 193\" xml:space=\"preserve\" width=\"196\" height=\"193\"><title>circle_1<\/title><g class=\"nc-icon-wrapper\"><path d=\"M97.92 28c23.85 0 45.68 11.85 58.4 31.69 9.84 15.35 13.02 33.57 8.97 51.28-4.06 17.72-14.87 32.81-30.45 42.51A69.488 69.488 0 0 1 98.08 164c-23.85 0-45.68-11.85-58.4-31.69-9.84-15.36-13.02-33.57-8.97-51.28 4.06-17.72 14.87-32.81 30.45-42.51A69.424 69.424 0 0 1 97.92 28m-.01-28c-17.89 0-36 4.82-52.24 14.92-45.75 28.46-59.42 88.05-30.52 133.1C33.79 177.09 65.59 193 98.09 193c17.89 0 35.99-4.82 52.23-14.92 45.75-28.46 59.42-88.05 30.52-133.1C162.2 15.91 130.41 0 97.91 0z\"><\/path><\/g><\/svg><\/div><div class=\"parallax-layer elementor-repeater-item-59c2dfd parallax-layer-59c2dfd61f99ce f-custom\" data-parallax=\"true\" data-rate=\"-20\"><svg xmlns=\"http:\/\/www.w3.org\/2000\/svg\" x=\"0\" y=\"0\" viewBox=\"0 0 168.92 167.95\" xml:space=\"preserve\" width=\"168.92\" height=\"167.95\"><title>circle_2<\/title><g class=\"nc-icon-wrapper\"><path d=\"M84.38 14.74c24.07 0 46.11 12.06 58.95 32.27 9.93 15.63 13.15 34.18 9.05 52.22s-15.01 33.41-30.74 43.28c-11.16 7.01-23.99 10.71-37.1 10.71-24.08 0-46.11-12.06-58.95-32.27-9.93-15.63-13.15-34.18-9.05-52.22s15.01-33.41 30.74-43.28a69.627 69.627 0 0 1 37.1-10.71m0-14.74C68.96 0 53.36 4.19 39.36 12.99-.07 37.75-11.85 89.61 13.06 128.82c16.07 25.29 43.47 39.14 71.48 39.14 15.42 0 31.02-4.19 45.02-12.99 39.43-24.76 51.21-76.62 26.3-115.83C139.79 13.85 112.39 0 84.38 0z\"><\/path><\/g><\/svg><\/div><div class=\"parallax-layer elementor-repeater-item-61f2347 parallax-layer-61f234761f99ce f-custom\" data-parallax=\"true\" data-rate=\"20\"><svg xmlns=\"http:\/\/www.w3.org\/2000\/svg\" x=\"0\" y=\"0\" viewBox=\"0 0 168.92 167.95\" xml:space=\"preserve\" width=\"168.92\" height=\"167.95\"><title>circle_2<\/title><g class=\"nc-icon-wrapper\"><path d=\"M84.38 14.74c24.07 0 46.11 12.06 58.95 32.27 9.93 15.63 13.15 34.18 9.05 52.22s-15.01 33.41-30.74 43.28c-11.16 7.01-23.99 10.71-37.1 10.71-24.08 0-46.11-12.06-58.95-32.27-9.93-15.63-13.15-34.18-9.05-52.22s15.01-33.41 30.74-43.28a69.627 69.627 0 0 1 37.1-10.71m0-14.74C68.96 0 53.36 4.19 39.36 12.99-.07 37.75-11.85 89.61 13.06 128.82c16.07 25.29 43.47 39.14 71.48 39.14 15.42 0 31.02-4.19 45.02-12.99 39.43-24.76 51.21-76.62 26.3-115.83C139.79 13.85 112.39 0 84.38 0z\"><\/path><\/g><\/svg><\/div><div class=\"parallax-layer elementor-repeater-item-3a4d804 parallax-layer-3a4d80461f99ce f-custom\" data-parallax=\"true\" data-rate=\"20\"><svg xmlns=\"http:\/\/www.w3.org\/2000\/svg\" viewBox=\"0 0 512 512\"><path d=\"M256 8C119 8 8 119 8 256s111 248 248 248 248-111 248-248S393 8 256 8z\"><\/path><\/svg><\/div>            <script type=\"text\/javascript\">\n                (function ($) {\n                    \"use strict\";\n\n                    \n                    $(' .parallax-layer-3b76a5261f99ce').prependTo($('.elementor-element-61f99ce')).css({\n                        'z-index': 0,\n                        'left': 70 +'%',\n                        'top': 34 +'%'\n                    });\n\n                    \n                    $(' .parallax-layer-a6e3cb061f99ce').prependTo($('.elementor-element-61f99ce')).css({\n                        'z-index': 1,\n                        'left': 25 +'%',\n                        'top': 18 +'%'\n                    });\n\n                    \n                    $(' .parallax-layer-59c2dfd61f99ce').prependTo($('.elementor-element-61f99ce')).css({\n                        'z-index': 1,\n                        'left': 38 +'%',\n                        'top': 14 +'%'\n                    });\n\n                    \n                    $(' .parallax-layer-61f234761f99ce').prependTo($('.elementor-element-61f99ce')).css({\n                        'z-index': 1,\n                        'left': 55 +'%',\n                        'top': 25 +'%'\n                    });\n\n                    \n                    $(' .parallax-layer-3a4d80461f99ce').prependTo($('.elementor-element-61f99ce')).css({\n                        'z-index': 1,\n                        'left': 65 +'%',\n                        'top': 8 +'%'\n                    });\n\n                                        if ($(window).outerWidth() > 768 ) {\n                        $('.elementor-element-61f99ce').mousemove(function (e) {\n                            $(this).find('.parallax-layer[data-parallax=\"true\"]').each(function (index, element) {\n                                $(this).jsparallax($(this).data('rate'), e);\n                            });\n                        });\n                    }\n                }(jQuery));\n            <\/script>\n            \t\t<\/div>\n\t\t","protected":false},"excerpt":{"rendered":"<p>Azonnali visszajelz\u00e9ssel Id\u0151pontfoglal\u00e1s Mozg\u00e1sfelm\u00e9r\u00e9s 50 perc \u00c1ltal\u00e1nos Szerz\u0151d\u00e9si Felt\u00e9telek<\/p>","protected":false},"author":13,"featured_media":0,"parent":5433,"menu_order":0,"comment_status":"closed","ping_status":"closed","template":"page-elementor.php","meta":{"footnotes":""},"class_list":["post-5398","page","type-page","status-publish","hentry"],"_elementor_template_sub_type":null,"_elementor_conditions":null,"_yoast_wpseo_primary_category":null,"_oembed_d944eacaa867b166ee36e1263fcdc055":null,"yoast_head":"<!-- This site is optimized with the Yoast SEO plugin v27.1.1 - https:\/\/yoast.com\/product\/yoast-seo-wordpress\/ -->\n<title>Id\u0151pontfoglal\u00e1s - Mozg\u00e1sfelm\u00e9r\u00e9s 50 - KidLife<\/title>\n<meta name=\"robots\" content=\"index, follow, max-snippet:-1, max-image-preview:large, max-video-preview:-1\" \/>\n<link rel=\"canonical\" href=\"https:\/\/kidlife.hu\/english\/idopontfoglalas\/idopontfoglalas-mozgas\/idopontfoglalas-mozgasfelmeres-50\/\" \/>\n<meta property=\"og:locale\" content=\"en_GB\" \/>\n<meta property=\"og:type\" content=\"article\" \/>\n<meta property=\"og:title\" content=\"Id\u0151pontfoglal\u00e1s - Mozg\u00e1sfelm\u00e9r\u00e9s 50 - KidLife\" \/>\n<meta property=\"og:description\" content=\"Azonnali visszajelz\u00e9ssel Id\u0151pontfoglal\u00e1s Mozg\u00e1sfelm\u00e9r\u00e9s 50 perc \u00c1ltal\u00e1nos Szerz\u0151d\u00e9si Felt\u00e9telek\" \/>\n<meta property=\"og:url\" content=\"https:\/\/kidlife.hu\/english\/idopontfoglalas\/idopontfoglalas-mozgas\/idopontfoglalas-mozgasfelmeres-50\/\" \/>\n<meta property=\"og:site_name\" content=\"KidLife\" \/>\n<meta property=\"article:publisher\" content=\"https:\/\/www.facebook.com\/kidlifestudio\" \/>\n<meta property=\"article:modified_time\" content=\"2022-08-12T20:32:22+00:00\" \/>\n<meta name=\"twitter:card\" content=\"summary_large_image\" \/>\n<meta name=\"twitter:label1\" content=\"Estimated reading time\" \/>\n\t<meta name=\"twitter:data1\" content=\"1 minute\" \/>\n<script type=\"application\/ld+json\" class=\"yoast-schema-graph\">{\"@context\":\"https:\/\/schema.org\",\"@graph\":[{\"@type\":\"WebPage\",\"@id\":\"https:\/\/kidlife.hu\/idopontfoglalas\/idopontfoglalas-mozgas\/idopontfoglalas-mozgasfelmeres-50\/\",\"url\":\"https:\/\/kidlife.hu\/idopontfoglalas\/idopontfoglalas-mozgas\/idopontfoglalas-mozgasfelmeres-50\/\",\"name\":\"Id\u0151pontfoglal\u00e1s - Mozg\u00e1sfelm\u00e9r\u00e9s 50 - KidLife\",\"isPartOf\":{\"@id\":\"https:\/\/kidlife.hu\/#website\"},\"datePublished\":\"2021-12-01T21:04:08+00:00\",\"dateModified\":\"2022-08-12T20:32:22+00:00\",\"breadcrumb\":{\"@id\":\"https:\/\/kidlife.hu\/idopontfoglalas\/idopontfoglalas-mozgas\/idopontfoglalas-mozgasfelmeres-50\/#breadcrumb\"},\"inLanguage\":\"en-GB\",\"potentialAction\":[{\"@type\":\"ReadAction\",\"target\":[\"https:\/\/kidlife.hu\/idopontfoglalas\/idopontfoglalas-mozgas\/idopontfoglalas-mozgasfelmeres-50\/\"]}]},{\"@type\":\"BreadcrumbList\",\"@id\":\"https:\/\/kidlife.hu\/idopontfoglalas\/idopontfoglalas-mozgas\/idopontfoglalas-mozgasfelmeres-50\/#breadcrumb\",\"itemListElement\":[{\"@type\":\"ListItem\",\"position\":1,\"name\":\"Kezd\u0151lap\",\"item\":\"https:\/\/kidlife.hu\/\"},{\"@type\":\"ListItem\",\"position\":2,\"name\":\"Id\u0151pontfoglal\u00e1s\",\"item\":\"https:\/\/kidlife.hu\/idopontfoglalas\/\"},{\"@type\":\"ListItem\",\"position\":3,\"name\":\"Id\u0151pontfoglal\u00e1s &#8211; Mozg\u00e1s\",\"item\":\"https:\/\/kidlife.hu\/idopontfoglalas\/idopontfoglalas-mozgas\/\"},{\"@type\":\"ListItem\",\"position\":4,\"name\":\"Id\u0151pontfoglal\u00e1s &#8211; Mozg\u00e1sfelm\u00e9r\u00e9s 50\"}]},{\"@type\":\"WebSite\",\"@id\":\"https:\/\/kidlife.hu\/#website\",\"url\":\"https:\/\/kidlife.hu\/\",\"name\":\"KidLife\",\"description\":\"Gyermekpszichol\u00f3gia \u00e9s fejleszt\u00e9s\",\"publisher\":{\"@id\":\"https:\/\/kidlife.hu\/#organization\"},\"potentialAction\":[{\"@type\":\"SearchAction\",\"target\":{\"@type\":\"EntryPoint\",\"urlTemplate\":\"https:\/\/kidlife.hu\/?s={search_term_string}\"},\"query-input\":{\"@type\":\"PropertyValueSpecification\",\"valueRequired\":true,\"valueName\":\"search_term_string\"}}],\"inLanguage\":\"en-GB\"},{\"@type\":\"Organization\",\"@id\":\"https:\/\/kidlife.hu\/#organization\",\"name\":\"KidLife\",\"url\":\"https:\/\/kidlife.hu\/\",\"logo\":{\"@type\":\"ImageObject\",\"inLanguage\":\"en-GB\",\"@id\":\"https:\/\/kidlife.hu\/#\/schema\/logo\/image\/\",\"url\":\"https:\/\/kidlife.hu\/wp-content\/uploads\/kidlife-fb-profile-02.png\",\"contentUrl\":\"https:\/\/kidlife.hu\/wp-content\/uploads\/kidlife-fb-profile-02.png\",\"width\":1024,\"height\":1024,\"caption\":\"KidLife\"},\"image\":{\"@id\":\"https:\/\/kidlife.hu\/#\/schema\/logo\/image\/\"},\"sameAs\":[\"https:\/\/www.facebook.com\/kidlifestudio\"]}]}<\/script>\n<!-- \/ Yoast SEO plugin. -->","yoast_head_json":{"title":"Id\u0151pontfoglal\u00e1s - Mozg\u00e1sfelm\u00e9r\u00e9s 50 - KidLife","robots":{"index":"index","follow":"follow","max-snippet":"max-snippet:-1","max-image-preview":"max-image-preview:large","max-video-preview":"max-video-preview:-1"},"canonical":"https:\/\/kidlife.hu\/english\/idopontfoglalas\/idopontfoglalas-mozgas\/idopontfoglalas-mozgasfelmeres-50\/","og_locale":"en_GB","og_type":"article","og_title":"Id\u0151pontfoglal\u00e1s - Mozg\u00e1sfelm\u00e9r\u00e9s 50 - KidLife","og_description":"Azonnali visszajelz\u00e9ssel Id\u0151pontfoglal\u00e1s Mozg\u00e1sfelm\u00e9r\u00e9s 50 perc \u00c1ltal\u00e1nos Szerz\u0151d\u00e9si Felt\u00e9telek","og_url":"https:\/\/kidlife.hu\/english\/idopontfoglalas\/idopontfoglalas-mozgas\/idopontfoglalas-mozgasfelmeres-50\/","og_site_name":"KidLife","article_publisher":"https:\/\/www.facebook.com\/kidlifestudio","article_modified_time":"2022-08-12T20:32:22+00:00","twitter_card":"summary_large_image","twitter_misc":{"Estimated reading time":"1 minute"},"schema":{"@context":"https:\/\/schema.org","@graph":[{"@type":"WebPage","@id":"https:\/\/kidlife.hu\/idopontfoglalas\/idopontfoglalas-mozgas\/idopontfoglalas-mozgasfelmeres-50\/","url":"https:\/\/kidlife.hu\/idopontfoglalas\/idopontfoglalas-mozgas\/idopontfoglalas-mozgasfelmeres-50\/","name":"Id\u0151pontfoglal\u00e1s - Mozg\u00e1sfelm\u00e9r\u00e9s 50 - KidLife","isPartOf":{"@id":"https:\/\/kidlife.hu\/#website"},"datePublished":"2021-12-01T21:04:08+00:00","dateModified":"2022-08-12T20:32:22+00:00","breadcrumb":{"@id":"https:\/\/kidlife.hu\/idopontfoglalas\/idopontfoglalas-mozgas\/idopontfoglalas-mozgasfelmeres-50\/#breadcrumb"},"inLanguage":"en-GB","potentialAction":[{"@type":"ReadAction","target":["https:\/\/kidlife.hu\/idopontfoglalas\/idopontfoglalas-mozgas\/idopontfoglalas-mozgasfelmeres-50\/"]}]},{"@type":"BreadcrumbList","@id":"https:\/\/kidlife.hu\/idopontfoglalas\/idopontfoglalas-mozgas\/idopontfoglalas-mozgasfelmeres-50\/#breadcrumb","itemListElement":[{"@type":"ListItem","position":1,"name":"Kezd\u0151lap","item":"https:\/\/kidlife.hu\/"},{"@type":"ListItem","position":2,"name":"Id\u0151pontfoglal\u00e1s","item":"https:\/\/kidlife.hu\/idopontfoglalas\/"},{"@type":"ListItem","position":3,"name":"Id\u0151pontfoglal\u00e1s &#8211; Mozg\u00e1s","item":"https:\/\/kidlife.hu\/idopontfoglalas\/idopontfoglalas-mozgas\/"},{"@type":"ListItem","position":4,"name":"Id\u0151pontfoglal\u00e1s &#8211; Mozg\u00e1sfelm\u00e9r\u00e9s 50"}]},{"@type":"WebSite","@id":"https:\/\/kidlife.hu\/#website","url":"https:\/\/kidlife.hu\/","name":"KidLife","description":"Gyermekpszichol\u00f3gia \u00e9s fejleszt\u00e9s","publisher":{"@id":"https:\/\/kidlife.hu\/#organization"},"potentialAction":[{"@type":"SearchAction","target":{"@type":"EntryPoint","urlTemplate":"https:\/\/kidlife.hu\/?s={search_term_string}"},"query-input":{"@type":"PropertyValueSpecification","valueRequired":true,"valueName":"search_term_string"}}],"inLanguage":"en-GB"},{"@type":"Organization","@id":"https:\/\/kidlife.hu\/#organization","name":"KidLife","url":"https:\/\/kidlife.hu\/","logo":{"@type":"ImageObject","inLanguage":"en-GB","@id":"https:\/\/kidlife.hu\/#\/schema\/logo\/image\/","url":"https:\/\/kidlife.hu\/wp-content\/uploads\/kidlife-fb-profile-02.png","contentUrl":"https:\/\/kidlife.hu\/wp-content\/uploads\/kidlife-fb-profile-02.png","width":1024,"height":1024,"caption":"KidLife"},"image":{"@id":"https:\/\/kidlife.hu\/#\/schema\/logo\/image\/"},"sameAs":["https:\/\/www.facebook.com\/kidlifestudio"]}]}},"_links":{"self":[{"href":"https:\/\/kidlife.hu\/english\/wp-json\/wp\/v2\/pages\/5398","targetHints":{"allow":["GET"]}}],"collection":[{"href":"https:\/\/kidlife.hu\/english\/wp-json\/wp\/v2\/pages"}],"about":[{"href":"https:\/\/kidlife.hu\/english\/wp-json\/wp\/v2\/types\/page"}],"author":[{"embeddable":true,"href":"https:\/\/kidlife.hu\/english\/wp-json\/wp\/v2\/users\/13"}],"replies":[{"embeddable":true,"href":"https:\/\/kidlife.hu\/english\/wp-json\/wp\/v2\/comments?post=5398"}],"version-history":[{"count":0,"href":"https:\/\/kidlife.hu\/english\/wp-json\/wp\/v2\/pages\/5398\/revisions"}],"up":[{"embeddable":true,"href":"https:\/\/kidlife.hu\/english\/wp-json\/wp\/v2\/pages\/5433"}],"wp:attachment":[{"href":"https:\/\/kidlife.hu\/english\/wp-json\/wp\/v2\/media?parent=5398"}],"curies":[{"name":"wp","href":"https:\/\/api.w.org\/{rel}","templated":true}]}}