{"id":15685,"date":"2024-01-29T10:41:22","date_gmt":"2024-01-29T09:41:22","guid":{"rendered":"https:\/\/kidlife.hu\/?post_type=product&#038;p=15685"},"modified":"2024-02-29T15:19:37","modified_gmt":"2024-02-29T14:19:37","slug":"kidnight-eloadas-szuloknek","status":"publish","type":"product","link":"https:\/\/kidlife.hu\/english\/product\/kidnight-eloadas-szuloknek\/","title":{"rendered":"KidNight &#8211; El\u0151ad\u00e1s sz\u00fcl\u0151knek"},"content":{"rendered":"","protected":false},"excerpt":{"rendered":"","protected":false},"featured_media":0,"template":"","meta":[],"product_brand":[],"product_cat":[38],"product_tag":[],"class_list":{"0":"post-15685","1":"product","2":"type-product","3":"status-publish","5":"product_cat-egyeb","7":"first","8":"instock","9":"taxable","10":"shipping-taxable","11":"purchasable","12":"product-type-simple"},"_elementor_template_sub_type":null,"_elementor_conditions":null,"_yoast_wpseo_primary_category":null,"_oembed_d944eacaa867b166ee36e1263fcdc055":null,"yoast_head":"<!-- This site is optimized with the Yoast SEO plugin v27.3 - https:\/\/yoast.com\/product\/yoast-seo-wordpress\/ -->\n<title>KidNight - El\u0151ad\u00e1s sz\u00fcl\u0151knek - KidLife<\/title>\n<meta name=\"robots\" content=\"index, follow, max-snippet:-1, max-image-preview:large, max-video-preview:-1\" \/>\n<link rel=\"canonical\" href=\"https:\/\/kidlife.hu\/english\/product\/kidnight-eloadas-szuloknek\/\" \/>\n<meta property=\"og:locale\" content=\"en_GB\" \/>\n<meta property=\"og:type\" content=\"article\" \/>\n<meta property=\"og:title\" content=\"KidNight - El\u0151ad\u00e1s sz\u00fcl\u0151knek - KidLife\" \/>\n<meta property=\"og:url\" content=\"https:\/\/kidlife.hu\/english\/product\/kidnight-eloadas-szuloknek\/\" \/>\n<meta property=\"og:site_name\" content=\"KidLife\" \/>\n<meta property=\"article:publisher\" content=\"https:\/\/www.facebook.com\/kidlifestudio\" \/>\n<meta property=\"article:modified_time\" content=\"2024-02-29T14:19:37+00:00\" \/>\n<meta name=\"twitter:card\" content=\"summary_large_image\" \/>\n<script type=\"application\/ld+json\" class=\"yoast-schema-graph\">{\"@context\":\"https:\\\/\\\/schema.org\",\"@graph\":[{\"@type\":\"WebPage\",\"@id\":\"https:\\\/\\\/kidlife.hu\\\/termek\\\/kidnight-eloadas-szuloknek\\\/\",\"url\":\"https:\\\/\\\/kidlife.hu\\\/termek\\\/kidnight-eloadas-szuloknek\\\/\",\"name\":\"KidNight - El\u0151ad\u00e1s sz\u00fcl\u0151knek - KidLife\",\"isPartOf\":{\"@id\":\"https:\\\/\\\/kidlife.hu\\\/#website\"},\"datePublished\":\"2024-01-29T09:41:22+00:00\",\"dateModified\":\"2024-02-29T14:19:37+00:00\",\"breadcrumb\":{\"@id\":\"https:\\\/\\\/kidlife.hu\\\/termek\\\/kidnight-eloadas-szuloknek\\\/#breadcrumb\"},\"inLanguage\":\"en-GB\",\"potentialAction\":[{\"@type\":\"ReadAction\",\"target\":[\"https:\\\/\\\/kidlife.hu\\\/termek\\\/kidnight-eloadas-szuloknek\\\/\"]}]},{\"@type\":\"BreadcrumbList\",\"@id\":\"https:\\\/\\\/kidlife.hu\\\/termek\\\/kidnight-eloadas-szuloknek\\\/#breadcrumb\",\"itemListElement\":[{\"@type\":\"ListItem\",\"position\":1,\"name\":\"Kezd\u0151lap\",\"item\":\"https:\\\/\\\/kidlife.hu\\\/\"},{\"@type\":\"ListItem\",\"position\":2,\"name\":\"KidNight &#8211; El\u0151ad\u00e1s sz\u00fcl\u0151knek\"}]},{\"@type\":\"WebSite\",\"@id\":\"https:\\\/\\\/kidlife.hu\\\/#website\",\"url\":\"https:\\\/\\\/kidlife.hu\\\/\",\"name\":\"KidLife\",\"description\":\"Gyermekpszichol\u00f3gia \u00e9s fejleszt\u00e9s\",\"publisher\":{\"@id\":\"https:\\\/\\\/kidlife.hu\\\/#organization\"},\"potentialAction\":[{\"@type\":\"SearchAction\",\"target\":{\"@type\":\"EntryPoint\",\"urlTemplate\":\"https:\\\/\\\/kidlife.hu\\\/?s={search_term_string}\"},\"query-input\":{\"@type\":\"PropertyValueSpecification\",\"valueRequired\":true,\"valueName\":\"search_term_string\"}}],\"inLanguage\":\"en-GB\"},{\"@type\":\"Organization\",\"@id\":\"https:\\\/\\\/kidlife.hu\\\/#organization\",\"name\":\"KidLife\",\"url\":\"https:\\\/\\\/kidlife.hu\\\/\",\"logo\":{\"@type\":\"ImageObject\",\"inLanguage\":\"en-GB\",\"@id\":\"https:\\\/\\\/kidlife.hu\\\/#\\\/schema\\\/logo\\\/image\\\/\",\"url\":\"https:\\\/\\\/kidlife.hu\\\/wp-content\\\/uploads\\\/kidlife-fb-profile-02.png\",\"contentUrl\":\"https:\\\/\\\/kidlife.hu\\\/wp-content\\\/uploads\\\/kidlife-fb-profile-02.png\",\"width\":1024,\"height\":1024,\"caption\":\"KidLife\"},\"image\":{\"@id\":\"https:\\\/\\\/kidlife.hu\\\/#\\\/schema\\\/logo\\\/image\\\/\"},\"sameAs\":[\"https:\\\/\\\/www.facebook.com\\\/kidlifestudio\"]}]}<\/script>\n<!-- \/ Yoast SEO plugin. -->","yoast_head_json":{"title":"KidNight - El\u0151ad\u00e1s sz\u00fcl\u0151knek - KidLife","robots":{"index":"index","follow":"follow","max-snippet":"max-snippet:-1","max-image-preview":"max-image-preview:large","max-video-preview":"max-video-preview:-1"},"canonical":"https:\/\/kidlife.hu\/english\/product\/kidnight-eloadas-szuloknek\/","og_locale":"en_GB","og_type":"article","og_title":"KidNight - El\u0151ad\u00e1s sz\u00fcl\u0151knek - KidLife","og_url":"https:\/\/kidlife.hu\/english\/product\/kidnight-eloadas-szuloknek\/","og_site_name":"KidLife","article_publisher":"https:\/\/www.facebook.com\/kidlifestudio","article_modified_time":"2024-02-29T14:19:37+00:00","twitter_card":"summary_large_image","schema":{"@context":"https:\/\/schema.org","@graph":[{"@type":"WebPage","@id":"https:\/\/kidlife.hu\/termek\/kidnight-eloadas-szuloknek\/","url":"https:\/\/kidlife.hu\/termek\/kidnight-eloadas-szuloknek\/","name":"KidNight - El\u0151ad\u00e1s sz\u00fcl\u0151knek - KidLife","isPartOf":{"@id":"https:\/\/kidlife.hu\/#website"},"datePublished":"2024-01-29T09:41:22+00:00","dateModified":"2024-02-29T14:19:37+00:00","breadcrumb":{"@id":"https:\/\/kidlife.hu\/termek\/kidnight-eloadas-szuloknek\/#breadcrumb"},"inLanguage":"en-GB","potentialAction":[{"@type":"ReadAction","target":["https:\/\/kidlife.hu\/termek\/kidnight-eloadas-szuloknek\/"]}]},{"@type":"BreadcrumbList","@id":"https:\/\/kidlife.hu\/termek\/kidnight-eloadas-szuloknek\/#breadcrumb","itemListElement":[{"@type":"ListItem","position":1,"name":"Kezd\u0151lap","item":"https:\/\/kidlife.hu\/"},{"@type":"ListItem","position":2,"name":"KidNight &#8211; El\u0151ad\u00e1s sz\u00fcl\u0151knek"}]},{"@type":"WebSite","@id":"https:\/\/kidlife.hu\/#website","url":"https:\/\/kidlife.hu\/","name":"KidLife","description":"Gyermekpszichol\u00f3gia \u00e9s fejleszt\u00e9s","publisher":{"@id":"https:\/\/kidlife.hu\/#organization"},"potentialAction":[{"@type":"SearchAction","target":{"@type":"EntryPoint","urlTemplate":"https:\/\/kidlife.hu\/?s={search_term_string}"},"query-input":{"@type":"PropertyValueSpecification","valueRequired":true,"valueName":"search_term_string"}}],"inLanguage":"en-GB"},{"@type":"Organization","@id":"https:\/\/kidlife.hu\/#organization","name":"KidLife","url":"https:\/\/kidlife.hu\/","logo":{"@type":"ImageObject","inLanguage":"en-GB","@id":"https:\/\/kidlife.hu\/#\/schema\/logo\/image\/","url":"https:\/\/kidlife.hu\/wp-content\/uploads\/kidlife-fb-profile-02.png","contentUrl":"https:\/\/kidlife.hu\/wp-content\/uploads\/kidlife-fb-profile-02.png","width":1024,"height":1024,"caption":"KidLife"},"image":{"@id":"https:\/\/kidlife.hu\/#\/schema\/logo\/image\/"},"sameAs":["https:\/\/www.facebook.com\/kidlifestudio"]}]}},"_links":{"self":[{"href":"https:\/\/kidlife.hu\/english\/wp-json\/wp\/v2\/product\/15685","targetHints":{"allow":["GET"]}}],"collection":[{"href":"https:\/\/kidlife.hu\/english\/wp-json\/wp\/v2\/product"}],"about":[{"href":"https:\/\/kidlife.hu\/english\/wp-json\/wp\/v2\/types\/product"}],"wp:attachment":[{"href":"https:\/\/kidlife.hu\/english\/wp-json\/wp\/v2\/media?parent=15685"}],"wp:term":[{"taxonomy":"product_brand","embeddable":true,"href":"https:\/\/kidlife.hu\/english\/wp-json\/wp\/v2\/product_brand?post=15685"},{"taxonomy":"product_cat","embeddable":true,"href":"https:\/\/kidlife.hu\/english\/wp-json\/wp\/v2\/product_cat?post=15685"},{"taxonomy":"product_tag","embeddable":true,"href":"https:\/\/kidlife.hu\/english\/wp-json\/wp\/v2\/product_tag?post=15685"}],"curies":[{"name":"wp","href":"https:\/\/api.w.org\/{rel}","templated":true}]}}